{"id":785948,"date":"2023-09-20T18:07:28","date_gmt":"2023-09-20T15:07:28","guid":{"rendered":"https:\/\/games.tactic.net\/tuote\/schaffer-compact-loader-2034-with-bale-gripper-and-1-round-bale\/"},"modified":"2023-10-20T17:02:17","modified_gmt":"2023-10-20T14:02:17","slug":"schaffer-compact-loader-2034-with-bale-gripper-and-1-round-bale","status":"publish","type":"product","link":"https:\/\/games.tactic.net\/no\/tuote\/schaffer-compact-loader-2034-with-bale-gripper-and-1-round-bale\/","title":{"rendered":"Sch\u00e4ffer kompaktlaster 2630 med ballegriper + en rundballe"},"content":{"rendered":"<p>I over 50 \u00e5r har Sch\u00e4ffer utviklet leddstyrte veilastere for landbruks-, landskaps- og hagebruksform\u00e5l. Den kompakte serien 2000 er en av Sch\u00e4ffers mest suksessrike modellserier gjennom tidene. Maksimal ytelse i trange rom, det er denne lasterens styrke. Dette sentrale og allsidige kj\u00f8ret\u00f8yet som muliggj\u00f8r suksess i landbruket er n\u00e5 tilgjengelig fra BRUDER i skala 1:16 i kombinasjon med en ballegriper. Kj\u00f8ret\u00f8yet har operativ leddstyring og lastearmen samt spaden betjenes ogs\u00e5 akkurat som i originalen. Solide krengeb\u00f8yler beskytter bworld-figuren som passer komfortabelt inn i f\u00f8rersetet. For transport og distribusjon av halm og h\u00f8y er den nye ballegriperen et ekstremt nyttig hjelpemiddel som hjelper enhver liten bonde med \u00e5 transportere den leverte rundballen inn i fj\u00f8set og losse den. Griperen \u00e5pnes og lukkes ved \u00e5 vri p\u00e5 det \u00f8vre h\u00e5ndhjulet.<\/p>\n","protected":false},"excerpt":{"rendered":"<p>Bruder<\/p>\n","protected":false},"featured_media":0,"template":"","meta":{"content-type":"","_monsterinsights_skip_tracking":false,"_monsterinsights_sitenote_active":false,"_monsterinsights_sitenote_note":"","_monsterinsights_sitenote_category":0},"product_brand":[],"product_cat":[1705],"product_tag":[],"brand":[],"target-group":[],"discontinued":[],"class_list":{"0":"post-785948","1":"product","2":"type-product","3":"status-publish","5":"product_cat-bruder-leker","7":"first","8":"instock","9":"taxable","10":"shipping-taxable","11":"product-type-simple"},"aioseo_notices":[],"_links":{"self":[{"href":"https:\/\/games.tactic.net\/no\/wp-json\/wp\/v2\/product\/785948","targetHints":{"allow":["GET"]}}],"collection":[{"href":"https:\/\/games.tactic.net\/no\/wp-json\/wp\/v2\/product"}],"about":[{"href":"https:\/\/games.tactic.net\/no\/wp-json\/wp\/v2\/types\/product"}],"wp:attachment":[{"href":"https:\/\/games.tactic.net\/no\/wp-json\/wp\/v2\/media?parent=785948"}],"wp:term":[{"taxonomy":"product_brand","embeddable":true,"href":"https:\/\/games.tactic.net\/no\/wp-json\/wp\/v2\/product_brand?post=785948"},{"taxonomy":"product_cat","embeddable":true,"href":"https:\/\/games.tactic.net\/no\/wp-json\/wp\/v2\/product_cat?post=785948"},{"taxonomy":"product_tag","embeddable":true,"href":"https:\/\/games.tactic.net\/no\/wp-json\/wp\/v2\/product_tag?post=785948"},{"taxonomy":"brand","embeddable":true,"href":"https:\/\/games.tactic.net\/no\/wp-json\/wp\/v2\/brand?post=785948"},{"taxonomy":"target-group","embeddable":true,"href":"https:\/\/games.tactic.net\/no\/wp-json\/wp\/v2\/target-group?post=785948"},{"taxonomy":"discontinued","embeddable":true,"href":"https:\/\/games.tactic.net\/no\/wp-json\/wp\/v2\/discontinued?post=785948"}],"curies":[{"name":"wp","href":"https:\/\/api.w.org\/{rel}","templated":true}]}}