{"id":785945,"date":"2023-09-20T18:05:52","date_gmt":"2023-09-20T15:05:52","guid":{"rendered":"https:\/\/games.tactic.net\/tuote\/ram-2500-power-wagon-bruder-roadster-racing-team\/"},"modified":"2023-10-20T16:56:37","modified_gmt":"2023-10-20T13:56:37","slug":"ram-2500-power-wagon-bruder-roadster-racing-team","status":"publish","type":"product","link":"https:\/\/games.tactic.net\/no\/tuote\/ram-2500-power-wagon-bruder-roadster-racing-team\/","title":{"rendered":"Dodge Ram 2500 Power Wagon og Roadster Racing Team"},"content":{"rendered":"<p>Gamle og unge er begge fascinert av motorsport. Ingen overraskelse der med disse niv\u00e5ene av spenning og raske sportsbiler. BRUDER deler ogs\u00e5 denne fascinasjonen. Med RAM Power Wagon, inkludert den innstilte sportsbilen BRUDER Racing Team, er det et nytt og spennende kj\u00f8ret\u00f8y og tilhenger for bworld-verdenen med fritidstema. RAM Power Wagon er full av kraft med en effekt p\u00e5 opptil 410 hk og firehjulsdrift for \u00e5 ta racerbilen til racerbanen med letthet. Alle fire d\u00f8rene p\u00e5 denne pickupen \u00e5pnes, og den velpr\u00f8vde rattforlengelsen betyr at kj\u00f8ret\u00f8yet kan man\u00f8vreres uten problemer. Transporthengeren har en vippeplattform, hjulklosser og en kabelvinsj for trygg transport og lasting av kj\u00f8ret\u00f8yet. Roadsteren har et avtakbart tak s\u00e5 racerf\u00f8reren kan settes bak rattet.  Sportsbilen er utstyrt med det nye hjulskiftesystemet BRUDER. Vi har vedlagt et stort dekalark med mange alternativer for unge racerf\u00f8rere til \u00e5 tilpasse raceren sin.<\/p>\n","protected":false},"excerpt":{"rendered":"<p>Bruder<\/p>\n","protected":false},"featured_media":0,"template":"","meta":{"content-type":"","_monsterinsights_skip_tracking":false,"_monsterinsights_sitenote_active":false,"_monsterinsights_sitenote_note":"","_monsterinsights_sitenote_category":0},"product_brand":[],"product_cat":[1705],"product_tag":[],"brand":[],"target-group":[],"discontinued":[],"class_list":{"0":"post-785945","1":"product","2":"type-product","3":"status-publish","5":"product_cat-bruder-leker","7":"first","8":"outofstock","9":"taxable","10":"shipping-taxable","11":"product-type-simple"},"aioseo_notices":[],"_links":{"self":[{"href":"https:\/\/games.tactic.net\/no\/wp-json\/wp\/v2\/product\/785945","targetHints":{"allow":["GET"]}}],"collection":[{"href":"https:\/\/games.tactic.net\/no\/wp-json\/wp\/v2\/product"}],"about":[{"href":"https:\/\/games.tactic.net\/no\/wp-json\/wp\/v2\/types\/product"}],"wp:attachment":[{"href":"https:\/\/games.tactic.net\/no\/wp-json\/wp\/v2\/media?parent=785945"}],"wp:term":[{"taxonomy":"product_brand","embeddable":true,"href":"https:\/\/games.tactic.net\/no\/wp-json\/wp\/v2\/product_brand?post=785945"},{"taxonomy":"product_cat","embeddable":true,"href":"https:\/\/games.tactic.net\/no\/wp-json\/wp\/v2\/product_cat?post=785945"},{"taxonomy":"product_tag","embeddable":true,"href":"https:\/\/games.tactic.net\/no\/wp-json\/wp\/v2\/product_tag?post=785945"},{"taxonomy":"brand","embeddable":true,"href":"https:\/\/games.tactic.net\/no\/wp-json\/wp\/v2\/brand?post=785945"},{"taxonomy":"target-group","embeddable":true,"href":"https:\/\/games.tactic.net\/no\/wp-json\/wp\/v2\/target-group?post=785945"},{"taxonomy":"discontinued","embeddable":true,"href":"https:\/\/games.tactic.net\/no\/wp-json\/wp\/v2\/discontinued?post=785945"}],"curies":[{"name":"wp","href":"https:\/\/api.w.org\/{rel}","templated":true}]}}