{"id":785771,"date":"2023-09-20T18:04:04","date_gmt":"2023-09-20T15:04:04","guid":{"rendered":"https:\/\/games.tactic.net\/tuote\/prinoth-snow-groomer-leitwolf\/"},"modified":"2023-10-20T16:53:18","modified_gmt":"2023-10-20T13:53:18","slug":"prinoth-snow-groomer-leitwolf","status":"publish","type":"product","link":"https:\/\/games.tactic.net\/no\/tuote\/prinoth-snow-groomer-leitwolf\/","title":{"rendered":"Prinoth Leitwolf tr\u00e5kkemaskin"},"content":{"rendered":"<p>Med en imponerende effekt p\u00e5 530 hk dominerer LEITWOLF scenen som den ubestridte toppen av tr\u00e5kkemaskiner. Dens sekssylindrede dieselmotor genererer et dreiemoment p\u00e5 2460 Nm og kombinerer styrke med sikkerhet \u2013 absolutt p\u00e5litelig i enhver ekstrem situasjon p\u00e5 fjellet. Takket v\u00e6re sin h\u00f8ye grad av fleksibilitet, fungerer LEITWOLF effektivt og b\u00e6rekraftig. Dette imponerende kj\u00f8ret\u00f8yet er n\u00e5 lagt til det omfattende BRUDER-utvalget som en ny modell i skala 1:16. Denne leken imponerer med sitt h\u00f8ye detaljniv\u00e5 og rike funksjoner. Det imponerende hovedbladet er h\u00f8ydejusterbart, svingbart og har justerbare utvendige blader for maksimalt rydderesultat. Takket v\u00e6re d\u00f8rene som \u00e5pnes, har valgfrie bworld-figurer tilgang til f\u00f8rerhuset. Den detaljerte, kraftige sn\u00f8freseren bak er h\u00f8ydejusterbar og har et roterende l\u00f8pehjul. Sn\u00f8freseren er ogs\u00e5 svingbar og har justerbare utvendige blader. Et absolutt h\u00f8ydepunkt for enhver ung vintersportelsker som er tro mot BRUDERs motto &laquo;akkurat som den ekte varen&raquo;.<\/p>\n","protected":false},"excerpt":{"rendered":"<p>Bruder<\/p>\n","protected":false},"featured_media":0,"template":"","meta":{"content-type":"","_monsterinsights_skip_tracking":false,"_monsterinsights_sitenote_active":false,"_monsterinsights_sitenote_note":"","_monsterinsights_sitenote_category":0},"product_brand":[],"product_cat":[1705],"product_tag":[],"brand":[],"target-group":[],"discontinued":[],"class_list":{"0":"post-785771","1":"product","2":"type-product","3":"status-publish","5":"product_cat-bruder-leker","7":"first","8":"instock","9":"taxable","10":"shipping-taxable","11":"product-type-simple"},"aioseo_notices":[],"_links":{"self":[{"href":"https:\/\/games.tactic.net\/no\/wp-json\/wp\/v2\/product\/785771","targetHints":{"allow":["GET"]}}],"collection":[{"href":"https:\/\/games.tactic.net\/no\/wp-json\/wp\/v2\/product"}],"about":[{"href":"https:\/\/games.tactic.net\/no\/wp-json\/wp\/v2\/types\/product"}],"wp:attachment":[{"href":"https:\/\/games.tactic.net\/no\/wp-json\/wp\/v2\/media?parent=785771"}],"wp:term":[{"taxonomy":"product_brand","embeddable":true,"href":"https:\/\/games.tactic.net\/no\/wp-json\/wp\/v2\/product_brand?post=785771"},{"taxonomy":"product_cat","embeddable":true,"href":"https:\/\/games.tactic.net\/no\/wp-json\/wp\/v2\/product_cat?post=785771"},{"taxonomy":"product_tag","embeddable":true,"href":"https:\/\/games.tactic.net\/no\/wp-json\/wp\/v2\/product_tag?post=785771"},{"taxonomy":"brand","embeddable":true,"href":"https:\/\/games.tactic.net\/no\/wp-json\/wp\/v2\/brand?post=785771"},{"taxonomy":"target-group","embeddable":true,"href":"https:\/\/games.tactic.net\/no\/wp-json\/wp\/v2\/target-group?post=785771"},{"taxonomy":"discontinued","embeddable":true,"href":"https:\/\/games.tactic.net\/no\/wp-json\/wp\/v2\/discontinued?post=785771"}],"curies":[{"name":"wp","href":"https:\/\/api.w.org\/{rel}","templated":true}]}}