{"id":785768,"date":"2023-09-20T18:03:21","date_gmt":"2023-09-20T15:03:21","guid":{"rendered":"https:\/\/games.tactic.net\/tuote\/new-holland-t7-315\/"},"modified":"2023-10-20T16:52:15","modified_gmt":"2023-10-20T13:52:15","slug":"new-holland-t7-315","status":"publish","type":"product","link":"https:\/\/games.tactic.net\/no\/tuote\/new-holland-t7-315\/","title":{"rendered":"Bruder New Holland T7.315 traktor lekesett"},"content":{"rendered":"<p>Moderne g\u00e5rder trenger sterke traktorer. New Holland utviklet T7 Heavy Duty-serien med fokus p\u00e5 fleksibilitet og kraft. Denne traktoren yter 313 hk til tungt utstyr \u2013 sterk nok for trekking, jordbearbeiding, pressing og transport. BRUDERs 1:16-modell lever opp til \u00abakkurat som i virkeligheten\u00bb: fullglasshytte med d\u00f8rer som kan \u00e5pnes, panser som kan vippes for innsyn i motoren, pendelaksel og styring via taket. Kan utstyres med p\u00e5skyvbar frontlaster (03333). H\u00f8ydejusterbart tilhengerfeste passer alle Professional-seriehengere. Avtakbare hjul gir ekstra lek. Suppl\u00e9r gjerne med verkstedfigurersett (62100).<\/p>\n","protected":false},"excerpt":{"rendered":"<p>New Holland traktor med 313 hk. Sterk nok for pl\u00f8ying, pressing og transport. Kompatibel med alt BRUDER landbruksutstyr. Kan oppgraderes med figursett.<\/p>\n","protected":false},"featured_media":0,"template":"","meta":{"content-type":"","_monsterinsights_skip_tracking":false,"_monsterinsights_sitenote_active":false,"_monsterinsights_sitenote_note":"","_monsterinsights_sitenote_category":0},"product_brand":[],"product_cat":[1705],"product_tag":[],"brand":[],"target-group":[],"discontinued":[],"class_list":{"0":"post-785768","1":"product","2":"type-product","3":"status-publish","5":"product_cat-bruder-leker","7":"first","8":"instock","9":"taxable","10":"shipping-taxable","11":"product-type-simple"},"aioseo_notices":[],"_links":{"self":[{"href":"https:\/\/games.tactic.net\/no\/wp-json\/wp\/v2\/product\/785768","targetHints":{"allow":["GET"]}}],"collection":[{"href":"https:\/\/games.tactic.net\/no\/wp-json\/wp\/v2\/product"}],"about":[{"href":"https:\/\/games.tactic.net\/no\/wp-json\/wp\/v2\/types\/product"}],"wp:attachment":[{"href":"https:\/\/games.tactic.net\/no\/wp-json\/wp\/v2\/media?parent=785768"}],"wp:term":[{"taxonomy":"product_brand","embeddable":true,"href":"https:\/\/games.tactic.net\/no\/wp-json\/wp\/v2\/product_brand?post=785768"},{"taxonomy":"product_cat","embeddable":true,"href":"https:\/\/games.tactic.net\/no\/wp-json\/wp\/v2\/product_cat?post=785768"},{"taxonomy":"product_tag","embeddable":true,"href":"https:\/\/games.tactic.net\/no\/wp-json\/wp\/v2\/product_tag?post=785768"},{"taxonomy":"brand","embeddable":true,"href":"https:\/\/games.tactic.net\/no\/wp-json\/wp\/v2\/brand?post=785768"},{"taxonomy":"target-group","embeddable":true,"href":"https:\/\/games.tactic.net\/no\/wp-json\/wp\/v2\/target-group?post=785768"},{"taxonomy":"discontinued","embeddable":true,"href":"https:\/\/games.tactic.net\/no\/wp-json\/wp\/v2\/discontinued?post=785768"}],"curies":[{"name":"wp","href":"https:\/\/api.w.org\/{rel}","templated":true}]}}