{"id":785605,"date":"2023-09-20T17:59:35","date_gmt":"2023-09-20T14:59:35","guid":{"rendered":"https:\/\/games.tactic.net\/tuote\/massey-ferguson-7480-with-tipping-trailer\/"},"modified":"2023-10-20T16:44:58","modified_gmt":"2023-10-20T13:44:58","slug":"massey-ferguson-7480-with-tipping-trailer","status":"publish","type":"product","link":"https:\/\/games.tactic.net\/no\/tuote\/massey-ferguson-7480-with-tipping-trailer\/","title":{"rendered":"Massey Ferguson 7480 med tipphenger"},"content":{"rendered":"<p>Akkurat som alle traktorer i Profi-serien, kan denne originale traktoren ogs\u00e5 utstyres med en clip-on frontlaster og med doble dekk (ingen av dem er inkludert). Motorblokken kan sees n\u00e5r motorpanseret er \u00e5pnet. Terrengforakselen kan styres direkte b\u00e5de via rattet i f\u00f8rerhuset og via en vedlagt styrestagforlengelse som barna kan f\u00f8re inn p\u00e5 rattet gjennom skyvetaket i f\u00f8rerhuset. Stangenheten gj\u00f8r at bakluken \u00e5pnes automatisk n\u00e5r trauet tippes. \u00c5pningsstangen kan endres slik at bakluken forblir lukket n\u00e5r den tipper. Kornutl\u00f8pssleiden kan ogs\u00e5 \u00e5pnes. Gummidekk fullf\u00f8rer bildet. Tipphengeren kan kombineres med alle traktorer i Profi-serien og MB Unimog.<\/p>\n","protected":false},"excerpt":{"rendered":"<p>Bruder<\/p>\n","protected":false},"featured_media":0,"template":"","meta":{"content-type":"","_monsterinsights_skip_tracking":false,"_monsterinsights_sitenote_active":false,"_monsterinsights_sitenote_note":"","_monsterinsights_sitenote_category":0},"product_brand":[],"product_cat":[1705],"product_tag":[],"brand":[],"target-group":[],"discontinued":[],"class_list":{"0":"post-785605","1":"product","2":"type-product","3":"status-publish","5":"product_cat-bruder-leker","7":"first","8":"instock","9":"taxable","10":"shipping-taxable","11":"product-type-simple"},"aioseo_notices":[],"_links":{"self":[{"href":"https:\/\/games.tactic.net\/no\/wp-json\/wp\/v2\/product\/785605","targetHints":{"allow":["GET"]}}],"collection":[{"href":"https:\/\/games.tactic.net\/no\/wp-json\/wp\/v2\/product"}],"about":[{"href":"https:\/\/games.tactic.net\/no\/wp-json\/wp\/v2\/types\/product"}],"wp:attachment":[{"href":"https:\/\/games.tactic.net\/no\/wp-json\/wp\/v2\/media?parent=785605"}],"wp:term":[{"taxonomy":"product_brand","embeddable":true,"href":"https:\/\/games.tactic.net\/no\/wp-json\/wp\/v2\/product_brand?post=785605"},{"taxonomy":"product_cat","embeddable":true,"href":"https:\/\/games.tactic.net\/no\/wp-json\/wp\/v2\/product_cat?post=785605"},{"taxonomy":"product_tag","embeddable":true,"href":"https:\/\/games.tactic.net\/no\/wp-json\/wp\/v2\/product_tag?post=785605"},{"taxonomy":"brand","embeddable":true,"href":"https:\/\/games.tactic.net\/no\/wp-json\/wp\/v2\/brand?post=785605"},{"taxonomy":"target-group","embeddable":true,"href":"https:\/\/games.tactic.net\/no\/wp-json\/wp\/v2\/target-group?post=785605"},{"taxonomy":"discontinued","embeddable":true,"href":"https:\/\/games.tactic.net\/no\/wp-json\/wp\/v2\/discontinued?post=785605"}],"curies":[{"name":"wp","href":"https:\/\/api.w.org\/{rel}","templated":true}]}}