{"id":785604,"date":"2023-09-20T17:59:10","date_gmt":"2023-09-20T14:59:10","guid":{"rendered":"https:\/\/games.tactic.net\/tuote\/massey-ferguson-7480-with-frontloader-and-timber-trailer\/"},"modified":"2024-05-14T11:35:50","modified_gmt":"2024-05-14T08:35:50","slug":"massey-ferguson-7480-with-frontloader-and-timber-trailer","status":"publish","type":"product","link":"https:\/\/games.tactic.net\/no\/tuote\/massey-ferguson-7480-with-frontloader-and-timber-trailer\/","title":{"rendered":"Massey Ferguson 7480 med frontlaster og t\u00f8mmerhenger"},"content":{"rendered":"<p>Enten som byggemateriale eller for energiproduksjon, er r\u00e5stoffet tre p\u00e5 trend, og b\u00e6rekraftig, effektivt skogbruk er mer aktuelt enn noen gang. BRUDERs nye skogbrukssett gjenskaper dette aktuelle temaet p\u00e5 en ekstremt realistisk m\u00e5te. Massey Ferguson med slip-on frontlaster, som kan skilte med 167 hk, er ideelt utstyrt for arbeid i skogen, og BRUDER-modellen er p\u00e5 ingen m\u00e5te d\u00e5rligere. Offroad-forakselen kan styres enten direkte via det bevegelige rattet i f\u00f8rerhuset eller via den medf\u00f8lgende styrestangforlengelsen, som barn kan feste til det bevegelige rattet gjennom skyvetaket i f\u00f8rerhuset. Den fullt funksjonelle slip-on frontlasteren kan festes eller fjernes ved \u00e5 fjerne frontvekten. Motorpanseret kan \u00e5pnes for \u00e5 avsl\u00f8re motorblokken. BRUDER t\u00f8mmertransporthenger er optimalt forberedt for jevn transport av t\u00f8mmer. Sidebordene p\u00e5 t\u00f8mmertransporthengeren kan sl\u00e5s ned og sporene fjernes. Det utfoldbare st\u00f8ttebenet sikrer sikker posisjonering. Tre trestammer er inkludert for \u00e5 gj\u00f8re det enda morsommere.<\/p>\n","protected":false},"excerpt":{"rendered":"<p>Bruder<\/p>\n","protected":false},"featured_media":0,"template":"","meta":{"content-type":"","_monsterinsights_skip_tracking":false,"_monsterinsights_sitenote_active":false,"_monsterinsights_sitenote_note":"","_monsterinsights_sitenote_category":0},"product_brand":[],"product_cat":[1705],"product_tag":[],"brand":[],"target-group":[],"discontinued":[],"class_list":{"0":"post-785604","1":"product","2":"type-product","3":"status-publish","5":"product_cat-bruder-leker","7":"first","8":"instock","9":"taxable","10":"shipping-taxable","11":"product-type-simple"},"aioseo_notices":[],"_links":{"self":[{"href":"https:\/\/games.tactic.net\/no\/wp-json\/wp\/v2\/product\/785604","targetHints":{"allow":["GET"]}}],"collection":[{"href":"https:\/\/games.tactic.net\/no\/wp-json\/wp\/v2\/product"}],"about":[{"href":"https:\/\/games.tactic.net\/no\/wp-json\/wp\/v2\/types\/product"}],"wp:attachment":[{"href":"https:\/\/games.tactic.net\/no\/wp-json\/wp\/v2\/media?parent=785604"}],"wp:term":[{"taxonomy":"product_brand","embeddable":true,"href":"https:\/\/games.tactic.net\/no\/wp-json\/wp\/v2\/product_brand?post=785604"},{"taxonomy":"product_cat","embeddable":true,"href":"https:\/\/games.tactic.net\/no\/wp-json\/wp\/v2\/product_cat?post=785604"},{"taxonomy":"product_tag","embeddable":true,"href":"https:\/\/games.tactic.net\/no\/wp-json\/wp\/v2\/product_tag?post=785604"},{"taxonomy":"brand","embeddable":true,"href":"https:\/\/games.tactic.net\/no\/wp-json\/wp\/v2\/brand?post=785604"},{"taxonomy":"target-group","embeddable":true,"href":"https:\/\/games.tactic.net\/no\/wp-json\/wp\/v2\/target-group?post=785604"},{"taxonomy":"discontinued","embeddable":true,"href":"https:\/\/games.tactic.net\/no\/wp-json\/wp\/v2\/discontinued?post=785604"}],"curies":[{"name":"wp","href":"https:\/\/api.w.org\/{rel}","templated":true}]}}