{"id":785597,"date":"2023-09-20T17:57:35","date_gmt":"2023-09-20T14:57:35","guid":{"rendered":"https:\/\/games.tactic.net\/tuote\/man-tgs-street-sweeper\/"},"modified":"2023-10-20T16:41:55","modified_gmt":"2023-10-20T13:41:55","slug":"man-tgs-street-sweeper","status":"publish","type":"product","link":"https:\/\/games.tactic.net\/no\/tuote\/man-tgs-street-sweeper\/","title":{"rendered":"Bruder MAN TGS Gatefeiemaskin lekesett"},"content":{"rendered":"<p>Veirengj\u00f8ringsmannskaper er uunnv\u00e6rlige for enhver kommune og en del av bybildet. Ingen andre kj\u00f8ret\u00f8y s\u00f8rger s\u00e5 effektivt for rene gater og fortau. BRUDERs nye feiebil viser i detalj hvordan dette spennende kj\u00f8ret\u00f8yet fungerer. MAN TGS er den perfekte partneren: robust, med motorer opptil 500 hk og h\u00f8y nyttelast \u2013 selve prototypen p\u00e5 en allrounder. P\u00e5 feieaggregatet sitter to roterende og justerbare sideb\u00f8rster som ogs\u00e5 kan h\u00f8ydejusteres for \u00e5 n\u00e5 vanskelig tilgjengelige omr\u00e5der. Under bilen sitter en lang, meddrivende b\u00f8rste for \u00e5 rense flater. Bak finnes en fleksibel sugeslange med r\u00f8r for \u00e5 ta st\u00f8rre mengder smuss. Avfallsbeholderen kan vippes og bakd\u00f8ren \u00e5pnes for t\u00f8mming. N\u00e5r karosseriet vippes, kommer det imponerende sugesystemet til syne. Kan utvides med lys- og lydmodul (02801\/02802). Passer perfekt med bworld kommunearbeider (62130) for enda mer lek.<\/p>\n","protected":false},"excerpt":{"rendered":"<p>Veifeiing er viktig i byer. MAN TGS feiebil fra BRUDER har roterende b\u00f8rster, sugeslange og tippbart avfallsrom. Ren lek med ekte funksjoner.<\/p>\n","protected":false},"featured_media":0,"template":"","meta":{"content-type":"","_monsterinsights_skip_tracking":false,"_monsterinsights_sitenote_active":false,"_monsterinsights_sitenote_note":"","_monsterinsights_sitenote_category":0},"product_brand":[],"product_cat":[1705],"product_tag":[],"brand":[],"target-group":[],"discontinued":[],"class_list":{"0":"post-785597","1":"product","2":"type-product","3":"status-publish","5":"product_cat-bruder-leker","7":"first","8":"instock","9":"taxable","10":"shipping-taxable","11":"product-type-simple"},"aioseo_notices":[],"_links":{"self":[{"href":"https:\/\/games.tactic.net\/no\/wp-json\/wp\/v2\/product\/785597","targetHints":{"allow":["GET"]}}],"collection":[{"href":"https:\/\/games.tactic.net\/no\/wp-json\/wp\/v2\/product"}],"about":[{"href":"https:\/\/games.tactic.net\/no\/wp-json\/wp\/v2\/types\/product"}],"wp:attachment":[{"href":"https:\/\/games.tactic.net\/no\/wp-json\/wp\/v2\/media?parent=785597"}],"wp:term":[{"taxonomy":"product_brand","embeddable":true,"href":"https:\/\/games.tactic.net\/no\/wp-json\/wp\/v2\/product_brand?post=785597"},{"taxonomy":"product_cat","embeddable":true,"href":"https:\/\/games.tactic.net\/no\/wp-json\/wp\/v2\/product_cat?post=785597"},{"taxonomy":"product_tag","embeddable":true,"href":"https:\/\/games.tactic.net\/no\/wp-json\/wp\/v2\/product_tag?post=785597"},{"taxonomy":"brand","embeddable":true,"href":"https:\/\/games.tactic.net\/no\/wp-json\/wp\/v2\/brand?post=785597"},{"taxonomy":"target-group","embeddable":true,"href":"https:\/\/games.tactic.net\/no\/wp-json\/wp\/v2\/target-group?post=785597"},{"taxonomy":"discontinued","embeddable":true,"href":"https:\/\/games.tactic.net\/no\/wp-json\/wp\/v2\/discontinued?post=785597"}],"curies":[{"name":"wp","href":"https:\/\/api.w.org\/{rel}","templated":true}]}}