{"id":785596,"date":"2023-09-20T17:57:16","date_gmt":"2023-09-20T14:57:16","guid":{"rendered":"https:\/\/games.tactic.net\/tuote\/man-tgs-side-loading-garbage-truck\/"},"modified":"2023-10-20T16:41:33","modified_gmt":"2023-10-20T13:41:33","slug":"man-tgs-side-loading-garbage-truck","status":"publish","type":"product","link":"https:\/\/games.tactic.net\/no\/tuote\/man-tgs-side-loading-garbage-truck\/","title":{"rendered":"Bruder MAN TGS Sidet\u00f8mmende s\u00f8ppellastebil lekesett"},"content":{"rendered":"<p>MAN TGS er det perfekte allround-kj\u00f8ret\u00f8yet for byggeplasser, langtransport og lokal distribusjon. Med solid konstruksjon, kraftige motorer og h\u00f8y lasteevne er denne lastebilen prototypen p\u00e5 \u00aballrounderen\u00bb med mange nyvinninger. N\u00e5 utvides BRUDERs MAN TGS-fl\u00e5te med en moderne sidelastende renovasjonsbil. En l\u00f8ftearm skyves ut p\u00e5 siden, griper dunker og t\u00f8mmer dem uten behov for en ekstra person. To skruekomprimatorer flytter avfallet bakover inne i lastekroppen. Etter \u00e5pning av bakluken vippes karosseriet for \u00e5 t\u00f8mme bilen. V\u00e5re sm\u00e5 avfallsdunker fra sett 02607 passer perfekt. Med denne detaljerte modellen kan barn oppleve renovasjon og gjenvinning p\u00e5 ekte BRUDER-vis \u2013 \u00abakkurat som i virkeligheten\u00bb.<\/p>\n","protected":false},"excerpt":{"rendered":"<p>Med denne detaljerte MAN TGS side-lasteren kan barn oppleve avfallsinnsamling og resirkulering p\u00e5 ekte vis. Passer til BRUDER s\u00f8ppelkasser. Kjent BRUDER-kvalitet.<\/p>\n","protected":false},"featured_media":0,"template":"","meta":{"content-type":"","_monsterinsights_skip_tracking":false,"_monsterinsights_sitenote_active":false,"_monsterinsights_sitenote_note":"","_monsterinsights_sitenote_category":0},"product_brand":[],"product_cat":[1705],"product_tag":[],"brand":[],"target-group":[],"discontinued":[],"class_list":{"0":"post-785596","1":"product","2":"type-product","3":"status-publish","5":"product_cat-bruder-leker","7":"first","8":"instock","9":"taxable","10":"shipping-taxable","11":"product-type-simple"},"aioseo_notices":[],"_links":{"self":[{"href":"https:\/\/games.tactic.net\/no\/wp-json\/wp\/v2\/product\/785596","targetHints":{"allow":["GET"]}}],"collection":[{"href":"https:\/\/games.tactic.net\/no\/wp-json\/wp\/v2\/product"}],"about":[{"href":"https:\/\/games.tactic.net\/no\/wp-json\/wp\/v2\/types\/product"}],"wp:attachment":[{"href":"https:\/\/games.tactic.net\/no\/wp-json\/wp\/v2\/media?parent=785596"}],"wp:term":[{"taxonomy":"product_brand","embeddable":true,"href":"https:\/\/games.tactic.net\/no\/wp-json\/wp\/v2\/product_brand?post=785596"},{"taxonomy":"product_cat","embeddable":true,"href":"https:\/\/games.tactic.net\/no\/wp-json\/wp\/v2\/product_cat?post=785596"},{"taxonomy":"product_tag","embeddable":true,"href":"https:\/\/games.tactic.net\/no\/wp-json\/wp\/v2\/product_tag?post=785596"},{"taxonomy":"brand","embeddable":true,"href":"https:\/\/games.tactic.net\/no\/wp-json\/wp\/v2\/brand?post=785596"},{"taxonomy":"target-group","embeddable":true,"href":"https:\/\/games.tactic.net\/no\/wp-json\/wp\/v2\/target-group?post=785596"},{"taxonomy":"discontinued","embeddable":true,"href":"https:\/\/games.tactic.net\/no\/wp-json\/wp\/v2\/discontinued?post=785596"}],"curies":[{"name":"wp","href":"https:\/\/api.w.org\/{rel}","templated":true}]}}