{"id":785593,"date":"2023-09-20T17:56:48","date_gmt":"2023-09-20T14:56:48","guid":{"rendered":"https:\/\/games.tactic.net\/tuote\/man-tga-rear-loading-garbage-truck\/"},"modified":"2023-10-20T16:39:09","modified_gmt":"2023-10-20T13:39:09","slug":"man-tga-rear-loading-garbage-truck","status":"publish","type":"product","link":"https:\/\/games.tactic.net\/no\/tuote\/man-tga-rear-loading-garbage-truck\/","title":{"rendered":"Bruder MAN TGA Baklaster s\u00f8ppellastebil lekesett"},"content":{"rendered":"<p>Den nye s\u00f8ppelbilen er basert p\u00e5 MAN TGA. Hytta kan vippes, og motoren sees. Den baklastende bilen har spiraltransport\u00f8rer som f\u00f8rer avfallet inn i kammeret \u2013 akkurat som originalen. Sm\u00e5 s\u00f8ppeldunker t\u00f8mmes inn, og baklemmen \u00e5pnes for \u00e5 t\u00f8mme ut. To dunker f\u00f8lger med, flere finnes i sett 02607.<\/p>\n","protected":false},"excerpt":{"rendered":"<p>Ny MAN TGA s\u00f8ppelbil med baklasting. Spiraltransport\u00f8rer presser avfallet inn i kammeret, akkurat som originalen. Inkluderer mange realistiske detaljer.<\/p>\n","protected":false},"featured_media":0,"template":"","meta":{"content-type":"","_monsterinsights_skip_tracking":false,"_monsterinsights_sitenote_active":false,"_monsterinsights_sitenote_note":"","_monsterinsights_sitenote_category":0},"product_brand":[],"product_cat":[1705],"product_tag":[],"brand":[],"target-group":[],"discontinued":[],"class_list":{"0":"post-785593","1":"product","2":"type-product","3":"status-publish","5":"product_cat-bruder-leker","7":"first","8":"instock","9":"taxable","10":"shipping-taxable","11":"product-type-simple"},"aioseo_notices":[],"_links":{"self":[{"href":"https:\/\/games.tactic.net\/no\/wp-json\/wp\/v2\/product\/785593","targetHints":{"allow":["GET"]}}],"collection":[{"href":"https:\/\/games.tactic.net\/no\/wp-json\/wp\/v2\/product"}],"about":[{"href":"https:\/\/games.tactic.net\/no\/wp-json\/wp\/v2\/types\/product"}],"wp:attachment":[{"href":"https:\/\/games.tactic.net\/no\/wp-json\/wp\/v2\/media?parent=785593"}],"wp:term":[{"taxonomy":"product_brand","embeddable":true,"href":"https:\/\/games.tactic.net\/no\/wp-json\/wp\/v2\/product_brand?post=785593"},{"taxonomy":"product_cat","embeddable":true,"href":"https:\/\/games.tactic.net\/no\/wp-json\/wp\/v2\/product_cat?post=785593"},{"taxonomy":"product_tag","embeddable":true,"href":"https:\/\/games.tactic.net\/no\/wp-json\/wp\/v2\/product_tag?post=785593"},{"taxonomy":"brand","embeddable":true,"href":"https:\/\/games.tactic.net\/no\/wp-json\/wp\/v2\/brand?post=785593"},{"taxonomy":"target-group","embeddable":true,"href":"https:\/\/games.tactic.net\/no\/wp-json\/wp\/v2\/target-group?post=785593"},{"taxonomy":"discontinued","embeddable":true,"href":"https:\/\/games.tactic.net\/no\/wp-json\/wp\/v2\/discontinued?post=785593"}],"curies":[{"name":"wp","href":"https:\/\/api.w.org\/{rel}","templated":true}]}}