{"id":785102,"date":"2023-09-20T17:55:02","date_gmt":"2023-09-20T14:55:02","guid":{"rendered":"https:\/\/games.tactic.net\/tuote\/livestock-trailer-with-1-cow\/"},"modified":"2023-10-20T16:20:24","modified_gmt":"2023-10-20T13:20:24","slug":"livestock-trailer-with-1-cow","status":"publish","type":"product","link":"https:\/\/games.tactic.net\/no\/tuote\/livestock-trailer-with-1-cow\/","title":{"rendered":"Husdyrhenger med 1 ku"},"content":{"rendered":"<p>Om v\u00e5ren blir mange storfebesetninger f\u00f8rt til beite hvor de tilbringer sommeren. Til dette form\u00e5let trenger b\u00f8ndene spesielle storfehengere for \u00e5 garantere passende transportforhold for dyrene. En s\u00e5 allsidig storfetransporthenger er n\u00e5 lagt til BRUDER-serien. Akkurat som originalen kan modellen v\u00e5r i skala 1:16 senke plattformen for \u00e5 lette (av)lasting av dyrene og har en port. Taket og d\u00f8rene er enkle \u00e5 \u00e5pne og tilhengeren er kompatibel med alle traktorer og kj\u00f8ret\u00f8y med standard tilhengerkobling. En ku er allerede inkludert i leveringsomfanget, og hengeren gir plass til totalt seks dyr fra v\u00e5rt tilbeh\u00f8rssortiment.<\/p>\n","protected":false},"excerpt":{"rendered":"<p>Bruder<\/p>\n","protected":false},"featured_media":0,"template":"","meta":{"content-type":"","_monsterinsights_skip_tracking":false,"_monsterinsights_sitenote_active":false,"_monsterinsights_sitenote_note":"","_monsterinsights_sitenote_category":0},"product_brand":[],"product_cat":[1705],"product_tag":[],"brand":[],"target-group":[],"discontinued":[],"class_list":{"0":"post-785102","1":"product","2":"type-product","3":"status-publish","5":"product_cat-bruder-leker","7":"first","8":"instock","9":"taxable","10":"shipping-taxable","11":"product-type-simple"},"aioseo_notices":[],"_links":{"self":[{"href":"https:\/\/games.tactic.net\/no\/wp-json\/wp\/v2\/product\/785102","targetHints":{"allow":["GET"]}}],"collection":[{"href":"https:\/\/games.tactic.net\/no\/wp-json\/wp\/v2\/product"}],"about":[{"href":"https:\/\/games.tactic.net\/no\/wp-json\/wp\/v2\/types\/product"}],"wp:attachment":[{"href":"https:\/\/games.tactic.net\/no\/wp-json\/wp\/v2\/media?parent=785102"}],"wp:term":[{"taxonomy":"product_brand","embeddable":true,"href":"https:\/\/games.tactic.net\/no\/wp-json\/wp\/v2\/product_brand?post=785102"},{"taxonomy":"product_cat","embeddable":true,"href":"https:\/\/games.tactic.net\/no\/wp-json\/wp\/v2\/product_cat?post=785102"},{"taxonomy":"product_tag","embeddable":true,"href":"https:\/\/games.tactic.net\/no\/wp-json\/wp\/v2\/product_tag?post=785102"},{"taxonomy":"brand","embeddable":true,"href":"https:\/\/games.tactic.net\/no\/wp-json\/wp\/v2\/brand?post=785102"},{"taxonomy":"target-group","embeddable":true,"href":"https:\/\/games.tactic.net\/no\/wp-json\/wp\/v2\/target-group?post=785102"},{"taxonomy":"discontinued","embeddable":true,"href":"https:\/\/games.tactic.net\/no\/wp-json\/wp\/v2\/discontinued?post=785102"}],"curies":[{"name":"wp","href":"https:\/\/api.w.org\/{rel}","templated":true}]}}