{"id":785098,"date":"2023-09-20T17:53:46","date_gmt":"2023-09-20T14:53:46","guid":{"rendered":"https:\/\/games.tactic.net\/tuote\/john-deere-wrapping-baler-c441r\/"},"modified":"2023-10-20T16:07:18","modified_gmt":"2023-10-20T13:07:18","slug":"john-deere-wrapping-baler-c441r","status":"publish","type":"product","link":"https:\/\/games.tactic.net\/no\/tuote\/john-deere-wrapping-baler-c441r\/","title":{"rendered":"John Deere pakkepresse C441R"},"content":{"rendered":"<p>John Deere er kjent for mer enn bare sine traktorer, for eksempel ogs\u00e5 sine innovative h\u00f8stemaskiner. C441R kombinasjonspresse er et ideelt verkt\u00f8y for \u00e5 h\u00f8ste halm og h\u00f8y. Takket v\u00e6re banebrytende press- og transport\u00f8rteknologi gir denne kombinasjonen av press og pakking opptil 60 baller i timen. Denne h\u00f8stemaskinen er et nytt tillegg til BRUDER-verdenen med landbrukstema. Vi fokuserte nok en gang p\u00e5 maksimal detaljniv\u00e5 og funksjonalitet. Den funksjonelle pickupen er mobil og h\u00f8ydejusterbar. Takket v\u00e6re klaffen p\u00e5 toppen kan unge b\u00f8nder sette inn de vedlagte halmballene. Med utviklingen av det nye transport\u00f8rsystemet kan halmballer transporteres fra pressekammeret til pakkeenheten og den roterende filminnpakningen fullf\u00f8rer h\u00f8steprosessen. For enda mer likhet med originalen inkluderer settet ogs\u00e5 en innpakket halmballe. Denne flotte, nye modellen fra BRUDER er kompatibel med alle traktorer i 2000- og 3000-serien. Legg til rundballtilbeh\u00f8ret (varenr. 02345) for \u00e5 gj\u00f8re ting enda morsommere.<\/p>\n","protected":false},"excerpt":{"rendered":"<p>Bruder<\/p>\n","protected":false},"featured_media":0,"template":"","meta":{"content-type":"","_monsterinsights_skip_tracking":false,"_monsterinsights_sitenote_active":false,"_monsterinsights_sitenote_note":"","_monsterinsights_sitenote_category":0},"product_brand":[],"product_cat":[1705],"product_tag":[],"brand":[],"target-group":[],"discontinued":[],"class_list":{"0":"post-785098","1":"product","2":"type-product","3":"status-publish","5":"product_cat-bruder-leker","7":"first","8":"instock","9":"taxable","10":"shipping-taxable","11":"product-type-simple"},"aioseo_notices":[],"_links":{"self":[{"href":"https:\/\/games.tactic.net\/no\/wp-json\/wp\/v2\/product\/785098","targetHints":{"allow":["GET"]}}],"collection":[{"href":"https:\/\/games.tactic.net\/no\/wp-json\/wp\/v2\/product"}],"about":[{"href":"https:\/\/games.tactic.net\/no\/wp-json\/wp\/v2\/types\/product"}],"wp:attachment":[{"href":"https:\/\/games.tactic.net\/no\/wp-json\/wp\/v2\/media?parent=785098"}],"wp:term":[{"taxonomy":"product_brand","embeddable":true,"href":"https:\/\/games.tactic.net\/no\/wp-json\/wp\/v2\/product_brand?post=785098"},{"taxonomy":"product_cat","embeddable":true,"href":"https:\/\/games.tactic.net\/no\/wp-json\/wp\/v2\/product_cat?post=785098"},{"taxonomy":"product_tag","embeddable":true,"href":"https:\/\/games.tactic.net\/no\/wp-json\/wp\/v2\/product_tag?post=785098"},{"taxonomy":"brand","embeddable":true,"href":"https:\/\/games.tactic.net\/no\/wp-json\/wp\/v2\/brand?post=785098"},{"taxonomy":"target-group","embeddable":true,"href":"https:\/\/games.tactic.net\/no\/wp-json\/wp\/v2\/target-group?post=785098"},{"taxonomy":"discontinued","embeddable":true,"href":"https:\/\/games.tactic.net\/no\/wp-json\/wp\/v2\/discontinued?post=785098"}],"curies":[{"name":"wp","href":"https:\/\/api.w.org\/{rel}","templated":true}]}}