{"id":785095,"date":"2023-09-20T17:53:25","date_gmt":"2023-09-20T14:53:25","guid":{"rendered":"https:\/\/games.tactic.net\/tuote\/john-deere-harvester-1270-g-with-trunk\/"},"modified":"2023-10-20T16:06:42","modified_gmt":"2023-10-20T13:06:42","slug":"john-deere-harvester-1270-g-with-trunk","status":"publish","type":"product","link":"https:\/\/games.tactic.net\/no\/tuote\/john-deere-harvester-1270-g-with-trunk\/","title":{"rendered":"John Deere hogstmaskin 1270 G med stamme"},"content":{"rendered":"<p>John Deere kan se tilbake p\u00e5 en lang tradisjon innen skogbruk. Bygger p\u00e5 denne tradisjonen, er serie G hogstmaskiner rettet mot maksimal produktivitet og tilgjengelighet samt optimalisert effektivitet. 8-hjulsvarianten av 1270 G gir maksimal stabilitet og klatreevne i utfordrende terreng. Denne imponerende og sv\u00e6rt detaljerte hogstmaskinen er n\u00e5 lagt til den tilgjengelige BRUDER-verdenen med skogstema. Den valgfrie bworld-figuren f\u00e5r tilgang til det roterende f\u00f8rerhuset med banebrytende cockpit via den \u00e5pne d\u00f8ren. Chassiset med oscillerende aksler og slitebanedekk er sv\u00e6rt egnet for utfordrende utplasseringer. Den detaljerte hogstmaskinen er montert p\u00e5 den bevegelige kranbommen. Den har bevegelige gripere, transportruller og en sagenhet. Barn kan n\u00e5 umiddelbart begynne realistisk \u00e5 h\u00f8ste t\u00f8mmer da leveringsomfanget inkluderer en trestamme inkludert avtakbare r\u00f8tter. BRUDER tilbyr bworld skogsarbeider og MACK t\u00f8mmertransportbil som perfekte tillegg til dette imponerende kj\u00f8ret\u00f8yet.<\/p>\n","protected":false},"excerpt":{"rendered":"<p>Bruder<\/p>\n","protected":false},"featured_media":0,"template":"","meta":{"content-type":"","_monsterinsights_skip_tracking":false,"_monsterinsights_sitenote_active":false,"_monsterinsights_sitenote_note":"","_monsterinsights_sitenote_category":0},"product_brand":[],"product_cat":[1705],"product_tag":[],"brand":[],"target-group":[],"discontinued":[],"class_list":{"0":"post-785095","1":"product","2":"type-product","3":"status-publish","5":"product_cat-bruder-leker","7":"first","8":"outofstock","9":"taxable","10":"shipping-taxable","11":"product-type-simple"},"aioseo_notices":[],"_links":{"self":[{"href":"https:\/\/games.tactic.net\/no\/wp-json\/wp\/v2\/product\/785095","targetHints":{"allow":["GET"]}}],"collection":[{"href":"https:\/\/games.tactic.net\/no\/wp-json\/wp\/v2\/product"}],"about":[{"href":"https:\/\/games.tactic.net\/no\/wp-json\/wp\/v2\/types\/product"}],"wp:attachment":[{"href":"https:\/\/games.tactic.net\/no\/wp-json\/wp\/v2\/media?parent=785095"}],"wp:term":[{"taxonomy":"product_brand","embeddable":true,"href":"https:\/\/games.tactic.net\/no\/wp-json\/wp\/v2\/product_brand?post=785095"},{"taxonomy":"product_cat","embeddable":true,"href":"https:\/\/games.tactic.net\/no\/wp-json\/wp\/v2\/product_cat?post=785095"},{"taxonomy":"product_tag","embeddable":true,"href":"https:\/\/games.tactic.net\/no\/wp-json\/wp\/v2\/product_tag?post=785095"},{"taxonomy":"brand","embeddable":true,"href":"https:\/\/games.tactic.net\/no\/wp-json\/wp\/v2\/brand?post=785095"},{"taxonomy":"target-group","embeddable":true,"href":"https:\/\/games.tactic.net\/no\/wp-json\/wp\/v2\/target-group?post=785095"},{"taxonomy":"discontinued","embeddable":true,"href":"https:\/\/games.tactic.net\/no\/wp-json\/wp\/v2\/discontinued?post=785095"}],"curies":[{"name":"wp","href":"https:\/\/api.w.org\/{rel}","templated":true}]}}