{"id":785094,"date":"2023-09-20T17:53:01","date_gmt":"2023-09-20T14:53:01","guid":{"rendered":"https:\/\/games.tactic.net\/tuote\/john-deere-9620rx-with-track-belts\/"},"modified":"2023-10-20T16:04:43","modified_gmt":"2023-10-20T13:04:43","slug":"john-deere-9620rx-with-track-belts","status":"publish","type":"product","link":"https:\/\/games.tactic.net\/no\/tuote\/john-deere-9620rx-with-track-belts\/","title":{"rendered":"John Deere 9620RX med belter"},"content":{"rendered":"<p>Ettersom kravene til moderne g\u00e5rder stadig \u00f8ker, er det viktigere enn noen gang \u00e5 \u00f8ke maskinens produksjon. 9620RX er John Deeres kraftigste og st\u00f8rste beltedrevne traktor. Takket v\u00e6re en motorytelse p\u00e5 opptil 670 hk og dens fire beltedrift, som gir den enest\u00e5ende trekkraft og samtidig best mulig beskyttelse for jorda, er dette kj\u00f8ret\u00f8yet den perfekte partneren n\u00e5r du skal trekke tungt ved bruk av redskaper, som harv, plog, og s\u00e5kombinasjoner, kreves. Denne imponerende traktoren med unik oppmerksomhet p\u00e5 detaljer er n\u00e5 ogs\u00e5 tilgjengelig i BRUDER-serien i skala 1:16. Akkurat som den ekte varen har modellen den nylig utviklede beltedriften samt terrengleddstyringen. F\u00f8rerhuset har \u00e9n d\u00f8r som kan \u00e5pnes, og det imponerende panseret kan ogs\u00e5 foldes opp for \u00e5 vise den massive motoren. Tallrike redskaper fra BRUDERs landbrukssortiment er egnet for slepekoblingen med h\u00f8ydejusterbart l\u00f8fteutstyr.<\/p>\n","protected":false},"excerpt":{"rendered":"<p>Bruder<\/p>\n","protected":false},"featured_media":0,"template":"","meta":{"content-type":"","_monsterinsights_skip_tracking":false,"_monsterinsights_sitenote_active":false,"_monsterinsights_sitenote_note":"","_monsterinsights_sitenote_category":0},"product_brand":[],"product_cat":[1705],"product_tag":[],"brand":[],"target-group":[],"discontinued":[],"class_list":{"0":"post-785094","1":"product","2":"type-product","3":"status-publish","5":"product_cat-bruder-leker","7":"first","8":"instock","9":"taxable","10":"shipping-taxable","11":"product-type-simple"},"aioseo_notices":[],"_links":{"self":[{"href":"https:\/\/games.tactic.net\/no\/wp-json\/wp\/v2\/product\/785094","targetHints":{"allow":["GET"]}}],"collection":[{"href":"https:\/\/games.tactic.net\/no\/wp-json\/wp\/v2\/product"}],"about":[{"href":"https:\/\/games.tactic.net\/no\/wp-json\/wp\/v2\/types\/product"}],"wp:attachment":[{"href":"https:\/\/games.tactic.net\/no\/wp-json\/wp\/v2\/media?parent=785094"}],"wp:term":[{"taxonomy":"product_brand","embeddable":true,"href":"https:\/\/games.tactic.net\/no\/wp-json\/wp\/v2\/product_brand?post=785094"},{"taxonomy":"product_cat","embeddable":true,"href":"https:\/\/games.tactic.net\/no\/wp-json\/wp\/v2\/product_cat?post=785094"},{"taxonomy":"product_tag","embeddable":true,"href":"https:\/\/games.tactic.net\/no\/wp-json\/wp\/v2\/product_tag?post=785094"},{"taxonomy":"brand","embeddable":true,"href":"https:\/\/games.tactic.net\/no\/wp-json\/wp\/v2\/brand?post=785094"},{"taxonomy":"target-group","embeddable":true,"href":"https:\/\/games.tactic.net\/no\/wp-json\/wp\/v2\/target-group?post=785094"},{"taxonomy":"discontinued","embeddable":true,"href":"https:\/\/games.tactic.net\/no\/wp-json\/wp\/v2\/discontinued?post=785094"}],"curies":[{"name":"wp","href":"https:\/\/api.w.org\/{rel}","templated":true}]}}