{"id":785088,"date":"2023-09-20T17:52:15","date_gmt":"2023-09-20T14:52:15","guid":{"rendered":"https:\/\/games.tactic.net\/tuote\/john-deere-5115-m-with-tipping-trailer\/"},"modified":"2023-10-20T16:03:07","modified_gmt":"2023-10-20T13:03:07","slug":"john-deere-5115-m-with-tipping-trailer","status":"publish","type":"product","link":"https:\/\/games.tactic.net\/no\/tuote\/john-deere-5115-m-with-tipping-trailer\/","title":{"rendered":"John Deere 5115M med tipphenger"},"content":{"rendered":"<p>John Deere 5115M er stjernen i kompakttraktorklassen p\u00e5 g\u00e5rden. Det store f\u00f8rerhuset skiller seg ut med god plass for f\u00f8rere \u00e5 bevege seg. Motoren er kraftig. Allsidighet er dens spesielle egenskap. Uansett om traktoren transporterer varer p\u00e5 veien eller den brukes med redskaper p\u00e5 feltet, vil ytelsen til denne traktoren alltid bekrefte at du har gjort det riktige valget. Leken er ikke annerledes. Som vanlig gj\u00f8r modelltypen design knyttet til holdbarhet og allsidige funksjoner den kompatibel med det store utvalget av BRUDER landbruksenheter. Styringen gj\u00f8r den smidig, og en ekstra slepekobling gj\u00f8r det mulig \u00e5 styre gjennom skyvetaket, akkurat som de store BRUDER-modellene. Tandemakselhengeren er den ideelle f\u00f8lgesvennen med sin vippeplattform og nedfellbare sidelemmer.<\/p>\n","protected":false},"excerpt":{"rendered":"<p>Bruder<\/p>\n","protected":false},"featured_media":0,"template":"","meta":{"content-type":"","_monsterinsights_skip_tracking":false,"_monsterinsights_sitenote_active":false,"_monsterinsights_sitenote_note":"","_monsterinsights_sitenote_category":0},"product_brand":[],"product_cat":[1705],"product_tag":[],"brand":[],"target-group":[],"discontinued":[],"class_list":{"0":"post-785088","1":"product","2":"type-product","3":"status-publish","5":"product_cat-bruder-leker","7":"first","8":"instock","9":"taxable","10":"shipping-taxable","11":"product-type-simple"},"aioseo_notices":[],"_links":{"self":[{"href":"https:\/\/games.tactic.net\/no\/wp-json\/wp\/v2\/product\/785088","targetHints":{"allow":["GET"]}}],"collection":[{"href":"https:\/\/games.tactic.net\/no\/wp-json\/wp\/v2\/product"}],"about":[{"href":"https:\/\/games.tactic.net\/no\/wp-json\/wp\/v2\/types\/product"}],"wp:attachment":[{"href":"https:\/\/games.tactic.net\/no\/wp-json\/wp\/v2\/media?parent=785088"}],"wp:term":[{"taxonomy":"product_brand","embeddable":true,"href":"https:\/\/games.tactic.net\/no\/wp-json\/wp\/v2\/product_brand?post=785088"},{"taxonomy":"product_cat","embeddable":true,"href":"https:\/\/games.tactic.net\/no\/wp-json\/wp\/v2\/product_cat?post=785088"},{"taxonomy":"product_tag","embeddable":true,"href":"https:\/\/games.tactic.net\/no\/wp-json\/wp\/v2\/product_tag?post=785088"},{"taxonomy":"brand","embeddable":true,"href":"https:\/\/games.tactic.net\/no\/wp-json\/wp\/v2\/brand?post=785088"},{"taxonomy":"target-group","embeddable":true,"href":"https:\/\/games.tactic.net\/no\/wp-json\/wp\/v2\/target-group?post=785088"},{"taxonomy":"discontinued","embeddable":true,"href":"https:\/\/games.tactic.net\/no\/wp-json\/wp\/v2\/discontinued?post=785088"}],"curies":[{"name":"wp","href":"https:\/\/api.w.org\/{rel}","templated":true}]}}