{"id":784873,"date":"2023-09-20T17:50:02","date_gmt":"2023-09-20T14:50:02","guid":{"rendered":"https:\/\/games.tactic.net\/tuote\/jcb-5cx-eco-backhoe-loader\/"},"modified":"2023-10-20T15:55:09","modified_gmt":"2023-10-20T12:55:09","slug":"jcb-5cx-eco-backhoe-loader","status":"publish","type":"product","link":"https:\/\/games.tactic.net\/no\/tuote\/jcb-5cx-eco-backhoe-loader\/","title":{"rendered":"JCB 5CX \u00f8ko traktorgraver"},"content":{"rendered":"<p>JCB 5CX eco traktorgraver er et skikkelig multitalent. I tillegg til den tiltende, l\u00e5sende og utskiftbare frontlasterskuffen, er traktorgraveren ogs\u00e5 utstyrt med en fullt funksjonell bakre skuffegraver med to st\u00f8tteben for \u00e5 stabilisere kj\u00f8ret\u00f8yet og muliggj\u00f8re enhver graveoppgave. Frontlasterarmen er koblet til en enh\u00e5ndsbetjeningsmekanisme og har en smart plassert utl\u00f8serknapp. Takket v\u00e6re det svingbare f\u00f8rersetet og det \u00e5pne bakvinduet kan de tilgjengelige BRUDER bygningsarbeiderne kontrollere alle traktorgraverens funksjoner. Ta full kontroll over JCB selv etter \u00e5 ha plassert bygningsarbeideren ved hjelp av en av to \u00e5pningsd\u00f8rer, takket v\u00e6re den ekstra BRUDER-rattet, montert gjennom takluken. I tillegg s\u00f8rger firehjulsstyringen for en tett snusirkel. JCB 5CX eco gravelaster er utstyrt med slitebanedekk og en offroad-foraksel for \u00e5 sikre trekkraft p\u00e5 nesten alle underlag. Bare oppbevar den ekstra drakoblingen i kj\u00f8ret\u00f8yets understell n\u00e5r jobben er gjort.<\/p>\n","protected":false},"excerpt":{"rendered":"<p>The JCB 5CX eco backhoe loader is a true multi-talent. In addition to the tilting, locking and changeable front loader bucket, the backhoe loader is also equipped with a fully functional rear bucket excavator featuring two outriggers to stabilise the vehicle and enable any excavating task.<\/p>\n","protected":false},"featured_media":0,"template":"","meta":{"content-type":"","_monsterinsights_skip_tracking":false,"_monsterinsights_sitenote_active":false,"_monsterinsights_sitenote_note":"","_monsterinsights_sitenote_category":0},"product_brand":[],"product_cat":[1705],"product_tag":[],"brand":[],"target-group":[],"discontinued":[],"class_list":{"0":"post-784873","1":"product","2":"type-product","3":"status-publish","5":"product_cat-bruder-leker","7":"first","8":"instock","9":"taxable","10":"shipping-taxable","11":"product-type-simple"},"aioseo_notices":[],"_links":{"self":[{"href":"https:\/\/games.tactic.net\/no\/wp-json\/wp\/v2\/product\/784873","targetHints":{"allow":["GET"]}}],"collection":[{"href":"https:\/\/games.tactic.net\/no\/wp-json\/wp\/v2\/product"}],"about":[{"href":"https:\/\/games.tactic.net\/no\/wp-json\/wp\/v2\/types\/product"}],"wp:attachment":[{"href":"https:\/\/games.tactic.net\/no\/wp-json\/wp\/v2\/media?parent=784873"}],"wp:term":[{"taxonomy":"product_brand","embeddable":true,"href":"https:\/\/games.tactic.net\/no\/wp-json\/wp\/v2\/product_brand?post=784873"},{"taxonomy":"product_cat","embeddable":true,"href":"https:\/\/games.tactic.net\/no\/wp-json\/wp\/v2\/product_cat?post=784873"},{"taxonomy":"product_tag","embeddable":true,"href":"https:\/\/games.tactic.net\/no\/wp-json\/wp\/v2\/product_tag?post=784873"},{"taxonomy":"brand","embeddable":true,"href":"https:\/\/games.tactic.net\/no\/wp-json\/wp\/v2\/brand?post=784873"},{"taxonomy":"target-group","embeddable":true,"href":"https:\/\/games.tactic.net\/no\/wp-json\/wp\/v2\/target-group?post=784873"},{"taxonomy":"discontinued","embeddable":true,"href":"https:\/\/games.tactic.net\/no\/wp-json\/wp\/v2\/discontinued?post=784873"}],"curies":[{"name":"wp","href":"https:\/\/api.w.org\/{rel}","templated":true}]}}