{"id":782515,"date":"2023-09-20T16:12:15","date_gmt":"2023-09-20T13:12:15","guid":{"rendered":"https:\/\/games.tactic.net\/tuote\/figure-set-farmer\/"},"modified":"2023-10-11T09:46:17","modified_gmt":"2023-10-11T06:46:17","slug":"figure-set-farmer","status":"publish","type":"product","link":"https:\/\/games.tactic.net\/no\/tuote\/figure-set-farmer\/","title":{"rendered":"bworld Bonde"},"content":{"rendered":"<p>Landbruk er en av de viktigste BRUDER-temaverdenene. Massevis av innh\u00f8stingsutstyr, traktorer, tilhengere og tilbeh\u00f8r er tilgjengelig. Disse modellene er ideelt forbedret av bondefigursettet for \u00e5 legge til enda mer moro og en realistisk f\u00f8lelse til temaverdenene og \u00f8ke barnas rollespillferdigheter og kreativitet. Utstyrt med en trilleb\u00e5r, en rake og en gaffel, kan bonden umiddelbart ta seg av oppgaver, som rydding eller f\u00f4ring, f\u00f8r han setter seg i en BRUDER-traktor eller skurtresker for \u00e5 bearbeide \u00e5krene.<\/p>\n","protected":false},"excerpt":{"rendered":"<p>Bruder<\/p>\n","protected":false},"featured_media":0,"template":"","meta":{"content-type":"","_monsterinsights_skip_tracking":false,"_monsterinsights_sitenote_active":false,"_monsterinsights_sitenote_note":"","_monsterinsights_sitenote_category":0},"product_brand":[],"product_cat":[1705],"product_tag":[],"brand":[],"target-group":[],"discontinued":[],"class_list":{"0":"post-782515","1":"product","2":"type-product","3":"status-publish","5":"product_cat-bruder-leker","7":"first","8":"instock","9":"taxable","10":"shipping-taxable","11":"product-type-simple"},"aioseo_notices":[],"_links":{"self":[{"href":"https:\/\/games.tactic.net\/no\/wp-json\/wp\/v2\/product\/782515","targetHints":{"allow":["GET"]}}],"collection":[{"href":"https:\/\/games.tactic.net\/no\/wp-json\/wp\/v2\/product"}],"about":[{"href":"https:\/\/games.tactic.net\/no\/wp-json\/wp\/v2\/types\/product"}],"wp:attachment":[{"href":"https:\/\/games.tactic.net\/no\/wp-json\/wp\/v2\/media?parent=782515"}],"wp:term":[{"taxonomy":"product_brand","embeddable":true,"href":"https:\/\/games.tactic.net\/no\/wp-json\/wp\/v2\/product_brand?post=782515"},{"taxonomy":"product_cat","embeddable":true,"href":"https:\/\/games.tactic.net\/no\/wp-json\/wp\/v2\/product_cat?post=782515"},{"taxonomy":"product_tag","embeddable":true,"href":"https:\/\/games.tactic.net\/no\/wp-json\/wp\/v2\/product_tag?post=782515"},{"taxonomy":"brand","embeddable":true,"href":"https:\/\/games.tactic.net\/no\/wp-json\/wp\/v2\/brand?post=782515"},{"taxonomy":"target-group","embeddable":true,"href":"https:\/\/games.tactic.net\/no\/wp-json\/wp\/v2\/target-group?post=782515"},{"taxonomy":"discontinued","embeddable":true,"href":"https:\/\/games.tactic.net\/no\/wp-json\/wp\/v2\/discontinued?post=782515"}],"curies":[{"name":"wp","href":"https:\/\/api.w.org\/{rel}","templated":true}]}}