{"id":782512,"date":"2023-09-20T16:11:53","date_gmt":"2023-09-20T13:11:53","guid":{"rendered":"https:\/\/games.tactic.net\/tuote\/figursett-verksted\/"},"modified":"2025-01-29T10:57:41","modified_gmt":"2025-01-29T08:57:41","slug":"figursett-verksted","status":"archive","type":"product","link":"https:\/\/games.tactic.net\/no\/tuote\/figursett-verksted\/","title":{"rendered":"bworld Bilservice"},"content":{"rendered":"<p>Med de nye temasettene kan du dykke enda dypere inn i BRUDERs verden. Trykte veggelementer med lettmonterte justerbare f\u00f8tter danner n\u00e5 rommet for enda mer virkelighet n\u00e5r du leker, og det nye hyllesystemet kan ogs\u00e5 samhandle med elementene. Det nye bilverkstedet bworld er anl\u00f8pet for en rekke BRUDER-biler som trenger service. Den vedlagte mekanikeren kan inspisere kj\u00f8ret\u00f8y p\u00e5 den fullstendig h\u00f8ydejusterbare kj\u00f8ret\u00f8yl\u00f8fteren og deretter teste bremsene p\u00e5 det installerte testutstyret. Resultatet vises umiddelbart p\u00e5 skjermen. Mindre reparasjoner kan umiddelbart ivaretas ved bruk av medf\u00f8lgende verkt\u00f8y og dekktrykket kontrolleres i et siste trinn. BRUDER roadster er ogs\u00e5 inkludert i dette flotte settet. Kj\u00f8ret\u00f8yet er allerede booket inn for service. Reservehjul er ogs\u00e5 inkludert og takket v\u00e6re roadsterens nye hjulskiftesystem blir dette tatt h\u00e5nd om p\u00e5 et blunk.<\/p>\n","protected":false},"excerpt":{"rendered":"<p>Bruder<\/p>\n","protected":false},"featured_media":0,"template":"","meta":{"content-type":"","_monsterinsights_skip_tracking":false,"_monsterinsights_sitenote_active":false,"_monsterinsights_sitenote_note":"","_monsterinsights_sitenote_category":0},"product_brand":[],"product_cat":[1705],"product_tag":[],"brand":[],"target-group":[],"discontinued":[],"class_list":{"0":"post-782512","1":"product","2":"type-product","3":"status-archive","5":"product_cat-bruder-leker","7":"first","8":"outofstock","9":"taxable","10":"shipping-taxable","11":"product-type-simple"},"aioseo_notices":[],"_links":{"self":[{"href":"https:\/\/games.tactic.net\/no\/wp-json\/wp\/v2\/product\/782512","targetHints":{"allow":["GET"]}}],"collection":[{"href":"https:\/\/games.tactic.net\/no\/wp-json\/wp\/v2\/product"}],"about":[{"href":"https:\/\/games.tactic.net\/no\/wp-json\/wp\/v2\/types\/product"}],"wp:attachment":[{"href":"https:\/\/games.tactic.net\/no\/wp-json\/wp\/v2\/media?parent=782512"}],"wp:term":[{"taxonomy":"product_brand","embeddable":true,"href":"https:\/\/games.tactic.net\/no\/wp-json\/wp\/v2\/product_brand?post=782512"},{"taxonomy":"product_cat","embeddable":true,"href":"https:\/\/games.tactic.net\/no\/wp-json\/wp\/v2\/product_cat?post=782512"},{"taxonomy":"product_tag","embeddable":true,"href":"https:\/\/games.tactic.net\/no\/wp-json\/wp\/v2\/product_tag?post=782512"},{"taxonomy":"brand","embeddable":true,"href":"https:\/\/games.tactic.net\/no\/wp-json\/wp\/v2\/brand?post=782512"},{"taxonomy":"target-group","embeddable":true,"href":"https:\/\/games.tactic.net\/no\/wp-json\/wp\/v2\/target-group?post=782512"},{"taxonomy":"discontinued","embeddable":true,"href":"https:\/\/games.tactic.net\/no\/wp-json\/wp\/v2\/discontinued?post=782512"}],"curies":[{"name":"wp","href":"https:\/\/api.w.org\/{rel}","templated":true}]}}