{"id":782511,"date":"2023-09-20T16:11:34","date_gmt":"2023-09-20T13:11:34","guid":{"rendered":"https:\/\/games.tactic.net\/tuote\/fendt-vario-211-with-frontloader-and-tipping-trail\/"},"modified":"2023-10-20T15:47:44","modified_gmt":"2023-10-20T12:47:44","slug":"fendt-vario-211-with-frontloader-and-tipping-trail","status":"publish","type":"product","link":"https:\/\/games.tactic.net\/no\/tuote\/fendt-vario-211-with-frontloader-and-tipping-trail\/","title":{"rendered":"Fendt Vario 211 med frontlaster og tipphenger"},"content":{"rendered":"<p>Fendt Vario 211 har alt en bonde trenger for \u00e5 lykkes. Takket v\u00e6re dens kompakte dimensjoner og et romslig f\u00f8rerhus er den ikke bare komfortabel, men ogs\u00e5 den perfekte arbeidsledsageren for alle forhold. Denne kompakte, men kraftige traktoren er det siste tilskuddet til BRUDERs omfattende fl\u00e5te av traktorer, som er kjent for sine naturtro detaljer. Selvf\u00f8lgelig deler denne traktoren ogs\u00e5 egenskaper som er typiske for stallkameratene, for eksempel offroad-forakselen eller den ekstra draglenken. Den brukervennlige tipphengeren og den fullt fungerende BRUDER slip-on frontlasteren er derfor ideelle for realistisk \u00e5 gjenskape denne traktorens bruk i for eksempel vindyrking og fruktdyrking. Denne traktoren kan ogs\u00e5 kombineres med nesten alle landbruksredskaper fra det omfattende BRUDER-utvalget.<\/p>\n","protected":false},"excerpt":{"rendered":"<p>Bruder<\/p>\n","protected":false},"featured_media":0,"template":"","meta":{"content-type":"","_monsterinsights_skip_tracking":false,"_monsterinsights_sitenote_active":false,"_monsterinsights_sitenote_note":"","_monsterinsights_sitenote_category":0},"product_brand":[],"product_cat":[1705],"product_tag":[],"brand":[],"target-group":[],"discontinued":[],"class_list":{"0":"post-782511","1":"product","2":"type-product","3":"status-publish","5":"product_cat-bruder-leker","7":"first","8":"instock","9":"taxable","10":"shipping-taxable","11":"product-type-simple"},"aioseo_notices":[],"_links":{"self":[{"href":"https:\/\/games.tactic.net\/no\/wp-json\/wp\/v2\/product\/782511","targetHints":{"allow":["GET"]}}],"collection":[{"href":"https:\/\/games.tactic.net\/no\/wp-json\/wp\/v2\/product"}],"about":[{"href":"https:\/\/games.tactic.net\/no\/wp-json\/wp\/v2\/types\/product"}],"wp:attachment":[{"href":"https:\/\/games.tactic.net\/no\/wp-json\/wp\/v2\/media?parent=782511"}],"wp:term":[{"taxonomy":"product_brand","embeddable":true,"href":"https:\/\/games.tactic.net\/no\/wp-json\/wp\/v2\/product_brand?post=782511"},{"taxonomy":"product_cat","embeddable":true,"href":"https:\/\/games.tactic.net\/no\/wp-json\/wp\/v2\/product_cat?post=782511"},{"taxonomy":"product_tag","embeddable":true,"href":"https:\/\/games.tactic.net\/no\/wp-json\/wp\/v2\/product_tag?post=782511"},{"taxonomy":"brand","embeddable":true,"href":"https:\/\/games.tactic.net\/no\/wp-json\/wp\/v2\/brand?post=782511"},{"taxonomy":"target-group","embeddable":true,"href":"https:\/\/games.tactic.net\/no\/wp-json\/wp\/v2\/target-group?post=782511"},{"taxonomy":"discontinued","embeddable":true,"href":"https:\/\/games.tactic.net\/no\/wp-json\/wp\/v2\/discontinued?post=782511"}],"curies":[{"name":"wp","href":"https:\/\/api.w.org\/{rel}","templated":true}]}}