{"id":782410,"date":"2023-09-20T16:10:01","date_gmt":"2023-09-20T13:10:01","guid":{"rendered":"https:\/\/games.tactic.net\/tuote\/ducati-scrambler-desert-sled-with-driver\/"},"modified":"2025-07-14T09:38:34","modified_gmt":"2025-07-14T06:38:34","slug":"ducati-scrambler-desert-sled-with-driver","status":"archive","type":"product","link":"https:\/\/games.tactic.net\/no\/tuote\/ducati-scrambler-desert-sled-with-driver\/","title":{"rendered":"Scrambler Ducati Desert Sled med sj\u00e5f\u00f8r"},"content":{"rendered":"<p>Mange anser motorsykkel som sin lidenskap. Takket v\u00e6re Scrambler-modeller har det f\u00f8rsteklasses motorsykkelmerket Ducati landet en genuin hit blant entusiaster. Desert Sled er en enduro-modell med pigger p\u00e5 sine profilerte terrengdekk montert p\u00e5 tre-eikers hjul. Designet skiller seg ut og trollbinder ikke bare veteranmotorsyklister, men ogs\u00e5 den yngre generasjonen av ryttere. BRUDER har n\u00e5 lagt til denne imponerende motorsykkelen til utvalget. Designelementer som wire-eiker hjul, eksos og motocross-elementer er overtatt med ekstremt fokus p\u00e5 detaljer og modellen har samtidig blitt utstyrt med funksjoner som styrt gaffel og fj\u00e6rbelastet bakaksel. Raceren h\u00e5ndteres av en bworld-figur med autentiske kl\u00e6r, en matchende hjelm og hansker.<\/p>\n","protected":false},"excerpt":{"rendered":"<p>Bruder<\/p>\n","protected":false},"featured_media":0,"template":"","meta":{"content-type":"","_monsterinsights_skip_tracking":false,"_monsterinsights_sitenote_active":false,"_monsterinsights_sitenote_note":"","_monsterinsights_sitenote_category":0},"product_brand":[],"product_cat":[1705],"product_tag":[],"brand":[],"target-group":[],"discontinued":[],"class_list":{"0":"post-782410","1":"product","2":"type-product","3":"status-archive","5":"product_cat-bruder-leker","7":"first","8":"outofstock","9":"taxable","10":"shipping-taxable","11":"product-type-simple"},"aioseo_notices":[],"_links":{"self":[{"href":"https:\/\/games.tactic.net\/no\/wp-json\/wp\/v2\/product\/782410","targetHints":{"allow":["GET"]}}],"collection":[{"href":"https:\/\/games.tactic.net\/no\/wp-json\/wp\/v2\/product"}],"about":[{"href":"https:\/\/games.tactic.net\/no\/wp-json\/wp\/v2\/types\/product"}],"wp:attachment":[{"href":"https:\/\/games.tactic.net\/no\/wp-json\/wp\/v2\/media?parent=782410"}],"wp:term":[{"taxonomy":"product_brand","embeddable":true,"href":"https:\/\/games.tactic.net\/no\/wp-json\/wp\/v2\/product_brand?post=782410"},{"taxonomy":"product_cat","embeddable":true,"href":"https:\/\/games.tactic.net\/no\/wp-json\/wp\/v2\/product_cat?post=782410"},{"taxonomy":"product_tag","embeddable":true,"href":"https:\/\/games.tactic.net\/no\/wp-json\/wp\/v2\/product_tag?post=782410"},{"taxonomy":"brand","embeddable":true,"href":"https:\/\/games.tactic.net\/no\/wp-json\/wp\/v2\/brand?post=782410"},{"taxonomy":"target-group","embeddable":true,"href":"https:\/\/games.tactic.net\/no\/wp-json\/wp\/v2\/target-group?post=782410"},{"taxonomy":"discontinued","embeddable":true,"href":"https:\/\/games.tactic.net\/no\/wp-json\/wp\/v2\/discontinued?post=782410"}],"curies":[{"name":"wp","href":"https:\/\/api.w.org\/{rel}","templated":true}]}}