{"id":782098,"date":"2023-09-20T16:05:13","date_gmt":"2023-09-20T13:05:13","guid":{"rendered":"https:\/\/games.tactic.net\/tuote\/cambridge-roller\/"},"modified":"2023-10-20T15:32:09","modified_gmt":"2023-10-20T12:32:09","slug":"cambridge-roller","status":"publish","type":"product","link":"https:\/\/games.tactic.net\/no\/tuote\/cambridge-roller\/","title":{"rendered":"Cambridge vals"},"content":{"rendered":"<p>Cambridge-valsen er enkel \u00e5 folde ut for handling og gir en driftsbredde p\u00e5 450 mm. Etter at jobben er gjort, er rullene like enkle \u00e5 sl\u00e5 sammen for sikker transport p\u00e5 vei. Landbruksrullenes spesielle ringprofil letter terrengkj\u00f8ring og en stabilisator er tilgjengelig for sikker parkering av utstyret.<\/p>\n","protected":false},"excerpt":{"rendered":"<p>The Cambridge agricultural roller is very easy to unfold for action and provides an operating width of 450mm. After the job is done, the rollers are just as easy to fold up for safe, on-road transport.<\/p>\n","protected":false},"featured_media":0,"template":"","meta":{"content-type":"","_monsterinsights_skip_tracking":false,"_monsterinsights_sitenote_active":false,"_monsterinsights_sitenote_note":"","_monsterinsights_sitenote_category":0},"product_brand":[],"product_cat":[1705],"product_tag":[],"brand":[],"target-group":[],"discontinued":[],"class_list":{"0":"post-782098","1":"product","2":"type-product","3":"status-publish","5":"product_cat-bruder-leker","7":"first","8":"instock","9":"taxable","10":"shipping-taxable","11":"product-type-simple"},"aioseo_notices":[],"_links":{"self":[{"href":"https:\/\/games.tactic.net\/no\/wp-json\/wp\/v2\/product\/782098","targetHints":{"allow":["GET"]}}],"collection":[{"href":"https:\/\/games.tactic.net\/no\/wp-json\/wp\/v2\/product"}],"about":[{"href":"https:\/\/games.tactic.net\/no\/wp-json\/wp\/v2\/types\/product"}],"wp:attachment":[{"href":"https:\/\/games.tactic.net\/no\/wp-json\/wp\/v2\/media?parent=782098"}],"wp:term":[{"taxonomy":"product_brand","embeddable":true,"href":"https:\/\/games.tactic.net\/no\/wp-json\/wp\/v2\/product_brand?post=782098"},{"taxonomy":"product_cat","embeddable":true,"href":"https:\/\/games.tactic.net\/no\/wp-json\/wp\/v2\/product_cat?post=782098"},{"taxonomy":"product_tag","embeddable":true,"href":"https:\/\/games.tactic.net\/no\/wp-json\/wp\/v2\/product_tag?post=782098"},{"taxonomy":"brand","embeddable":true,"href":"https:\/\/games.tactic.net\/no\/wp-json\/wp\/v2\/brand?post=782098"},{"taxonomy":"target-group","embeddable":true,"href":"https:\/\/games.tactic.net\/no\/wp-json\/wp\/v2\/target-group?post=782098"},{"taxonomy":"discontinued","embeddable":true,"href":"https:\/\/games.tactic.net\/no\/wp-json\/wp\/v2\/discontinued?post=782098"}],"curies":[{"name":"wp","href":"https:\/\/api.w.org\/{rel}","templated":true}]}}