{"id":781787,"date":"2023-09-20T16:00:32","date_gmt":"2023-09-20T13:00:32","guid":{"rendered":"https:\/\/games.tactic.net\/tuote\/bale-wrapper-with-ockery-and-black-round-bales\/"},"modified":"2023-10-20T15:27:29","modified_gmt":"2023-10-20T12:27:29","slug":"bale-wrapper-with-ockery-and-black-round-bales","status":"publish","type":"product","link":"https:\/\/games.tactic.net\/no\/tuote\/bale-wrapper-with-ockery-and-black-round-bales\/","title":{"rendered":"Balleinnpakning med oker og sorte rundballer"},"content":{"rendered":"<p>Ballen l\u00f8ftes opp p\u00e5 det roterende bordet via frontlastervippen. Etter at lastevippen er senket, settes det automatisk roterende roterende bordet i bevegelse, og simulerer dermed innpakningsprosessen. Under pakkeprosessen roteres den lastede rundballen rundt sin vertikale akse og via rulledrevet rundt sin aksiale akse samtidig ved hjelp av den roterende konstruksjonen. Ballen dumpes deretter p\u00e5 den mobile depotvippen ved hjelp av t\u00f8mmemekanismen. 2 rundballer medf\u00f8lger. Trekkstangposisjonen kan justeres i henhold til applikasjonen, og m\u00f8nsterdekk kompletterer bildet. For \u00e5 \u00f8ke moroa kan ballepakkeren kombineres med Claas Rollant 250 rundballepresse og med alle traktorer i Profi-serien (ikke inkludert).<\/p>\n","protected":false},"excerpt":{"rendered":"<p>Bruder<\/p>\n","protected":false},"featured_media":0,"template":"","meta":{"content-type":"","_monsterinsights_skip_tracking":false,"_monsterinsights_sitenote_active":false,"_monsterinsights_sitenote_note":"","_monsterinsights_sitenote_category":0},"product_brand":[],"product_cat":[1705],"product_tag":[],"brand":[],"target-group":[],"discontinued":[],"class_list":{"0":"post-781787","1":"product","2":"type-product","3":"status-publish","5":"product_cat-bruder-leker","7":"first","8":"outofstock","9":"taxable","10":"shipping-taxable","11":"product-type-simple"},"aioseo_notices":[],"_links":{"self":[{"href":"https:\/\/games.tactic.net\/no\/wp-json\/wp\/v2\/product\/781787","targetHints":{"allow":["GET"]}}],"collection":[{"href":"https:\/\/games.tactic.net\/no\/wp-json\/wp\/v2\/product"}],"about":[{"href":"https:\/\/games.tactic.net\/no\/wp-json\/wp\/v2\/types\/product"}],"wp:attachment":[{"href":"https:\/\/games.tactic.net\/no\/wp-json\/wp\/v2\/media?parent=781787"}],"wp:term":[{"taxonomy":"product_brand","embeddable":true,"href":"https:\/\/games.tactic.net\/no\/wp-json\/wp\/v2\/product_brand?post=781787"},{"taxonomy":"product_cat","embeddable":true,"href":"https:\/\/games.tactic.net\/no\/wp-json\/wp\/v2\/product_cat?post=781787"},{"taxonomy":"product_tag","embeddable":true,"href":"https:\/\/games.tactic.net\/no\/wp-json\/wp\/v2\/product_tag?post=781787"},{"taxonomy":"brand","embeddable":true,"href":"https:\/\/games.tactic.net\/no\/wp-json\/wp\/v2\/brand?post=781787"},{"taxonomy":"target-group","embeddable":true,"href":"https:\/\/games.tactic.net\/no\/wp-json\/wp\/v2\/target-group?post=781787"},{"taxonomy":"discontinued","embeddable":true,"href":"https:\/\/games.tactic.net\/no\/wp-json\/wp\/v2\/discontinued?post=781787"}],"curies":[{"name":"wp","href":"https:\/\/api.w.org\/{rel}","templated":true}]}}