{"id":781785,"date":"2023-09-20T15:58:36","date_gmt":"2023-09-20T12:58:36","guid":{"rendered":"https:\/\/games.tactic.net\/tuote\/accessories-garbage-can-set-3-small-1-large\/"},"modified":"2023-10-11T09:21:11","modified_gmt":"2023-10-11T06:21:11","slug":"accessories-garbage-can-set-3-small-1-large","status":"publish","type":"product","link":"https:\/\/games.tactic.net\/no\/tuote\/accessories-garbage-can-set-3-small-1-large\/","title":{"rendered":"Tilbeh\u00f8r: S\u00f8ppelb\u00f8ttesett (3 sm\u00e5, 1 stor)"},"content":{"rendered":"<p>S\u00f8ppelkassesettet best\u00e5r av tre sm\u00e5 fargede s\u00f8ppelkasser og en stor gr\u00e5 s\u00f8ppelkasse. For \u00e5 \u00f8ke moroa kan MB Actros renovasjonsbiler samt MAN renovasjonsbiler (ikke inkludert) utstyres med s\u00f8ppelkassesettet.<\/p>\n","protected":false},"excerpt":{"rendered":"<p>Bruder<\/p>\n","protected":false},"featured_media":0,"template":"","meta":{"content-type":"","_monsterinsights_skip_tracking":false,"_monsterinsights_sitenote_active":false,"_monsterinsights_sitenote_note":"","_monsterinsights_sitenote_category":0},"product_brand":[],"product_cat":[1705],"product_tag":[],"brand":[],"target-group":[],"discontinued":[],"class_list":{"0":"post-781785","1":"product","2":"type-product","3":"status-publish","5":"product_cat-bruder-leker","7":"first","8":"instock","9":"taxable","10":"shipping-taxable","11":"product-type-simple"},"aioseo_notices":[],"_links":{"self":[{"href":"https:\/\/games.tactic.net\/no\/wp-json\/wp\/v2\/product\/781785","targetHints":{"allow":["GET"]}}],"collection":[{"href":"https:\/\/games.tactic.net\/no\/wp-json\/wp\/v2\/product"}],"about":[{"href":"https:\/\/games.tactic.net\/no\/wp-json\/wp\/v2\/types\/product"}],"wp:attachment":[{"href":"https:\/\/games.tactic.net\/no\/wp-json\/wp\/v2\/media?parent=781785"}],"wp:term":[{"taxonomy":"product_brand","embeddable":true,"href":"https:\/\/games.tactic.net\/no\/wp-json\/wp\/v2\/product_brand?post=781785"},{"taxonomy":"product_cat","embeddable":true,"href":"https:\/\/games.tactic.net\/no\/wp-json\/wp\/v2\/product_cat?post=781785"},{"taxonomy":"product_tag","embeddable":true,"href":"https:\/\/games.tactic.net\/no\/wp-json\/wp\/v2\/product_tag?post=781785"},{"taxonomy":"brand","embeddable":true,"href":"https:\/\/games.tactic.net\/no\/wp-json\/wp\/v2\/brand?post=781785"},{"taxonomy":"target-group","embeddable":true,"href":"https:\/\/games.tactic.net\/no\/wp-json\/wp\/v2\/target-group?post=781785"},{"taxonomy":"discontinued","embeddable":true,"href":"https:\/\/games.tactic.net\/no\/wp-json\/wp\/v2\/discontinued?post=781785"}],"curies":[{"name":"wp","href":"https:\/\/api.w.org\/{rel}","templated":true}]}}