{"id":781784,"date":"2023-09-20T15:58:13","date_gmt":"2023-09-20T12:58:13","guid":{"rendered":"https:\/\/games.tactic.net\/tuote\/accessories-box-type-pallet-winch-and-forks-f-frontloader\/"},"modified":"2023-10-20T15:21:53","modified_gmt":"2023-10-20T12:21:53","slug":"accessories-box-type-pallet-winch-and-forks-f-frontloader","status":"publish","type":"product","link":"https:\/\/games.tactic.net\/no\/tuote\/accessories-box-type-pallet-winch-and-forks-f-frontloader\/","title":{"rendered":"Tilbeh\u00f8r: Kurvpall, vinsj og gafler for frontlaster"},"content":{"rendered":"<p>Frontlastertilbeh\u00f8ret best\u00e5r av en adapter, en kurvpall, en kabelvinsj og fire h\u00f8ygafler pluss to pallegafler. For \u00e5 \u00f8ke moroa kan frontlastertilbeh\u00f8ret monteres p\u00e5 alle traktorer i Profi-serien og Manitou teleskoplaster (ikke inkludert).<\/p>\n","protected":false},"excerpt":{"rendered":"<p>Bruder<\/p>\n","protected":false},"featured_media":0,"template":"","meta":{"content-type":"","_monsterinsights_skip_tracking":false,"_monsterinsights_sitenote_active":false,"_monsterinsights_sitenote_note":"","_monsterinsights_sitenote_category":0},"product_brand":[],"product_cat":[1705],"product_tag":[],"brand":[],"target-group":[],"discontinued":[],"class_list":{"0":"post-781784","1":"product","2":"type-product","3":"status-publish","5":"product_cat-bruder-leker","7":"first","8":"instock","9":"taxable","10":"shipping-taxable","11":"product-type-simple"},"aioseo_notices":[],"_links":{"self":[{"href":"https:\/\/games.tactic.net\/no\/wp-json\/wp\/v2\/product\/781784","targetHints":{"allow":["GET"]}}],"collection":[{"href":"https:\/\/games.tactic.net\/no\/wp-json\/wp\/v2\/product"}],"about":[{"href":"https:\/\/games.tactic.net\/no\/wp-json\/wp\/v2\/types\/product"}],"wp:attachment":[{"href":"https:\/\/games.tactic.net\/no\/wp-json\/wp\/v2\/media?parent=781784"}],"wp:term":[{"taxonomy":"product_brand","embeddable":true,"href":"https:\/\/games.tactic.net\/no\/wp-json\/wp\/v2\/product_brand?post=781784"},{"taxonomy":"product_cat","embeddable":true,"href":"https:\/\/games.tactic.net\/no\/wp-json\/wp\/v2\/product_cat?post=781784"},{"taxonomy":"product_tag","embeddable":true,"href":"https:\/\/games.tactic.net\/no\/wp-json\/wp\/v2\/product_tag?post=781784"},{"taxonomy":"brand","embeddable":true,"href":"https:\/\/games.tactic.net\/no\/wp-json\/wp\/v2\/brand?post=781784"},{"taxonomy":"target-group","embeddable":true,"href":"https:\/\/games.tactic.net\/no\/wp-json\/wp\/v2\/target-group?post=781784"},{"taxonomy":"discontinued","embeddable":true,"href":"https:\/\/games.tactic.net\/no\/wp-json\/wp\/v2\/discontinued?post=781784"}],"curies":[{"name":"wp","href":"https:\/\/api.w.org\/{rel}","templated":true}]}}