{"id":781782,"date":"2023-09-20T15:57:53","date_gmt":"2023-09-20T12:57:53","guid":{"rendered":"https:\/\/games.tactic.net\/tuote\/accessory-bale-gripper-with-1-round-bale\/"},"modified":"2023-10-20T15:21:28","modified_gmt":"2023-10-20T12:21:28","slug":"accessory-bale-gripper-with-1-round-bale","status":"publish","type":"product","link":"https:\/\/games.tactic.net\/no\/tuote\/accessory-bale-gripper-with-1-round-bale\/","title":{"rendered":"Tilbeh\u00f8r: Ballegriper med 1 rundball"},"content":{"rendered":"<p>Griperen \u00e5pnes og lukkes ved \u00e5 vri p\u00e5 det \u00f8vre h\u00e5ndhjulet. Ballegriperen passer til alle BRUDER slip-on frontlastere for traktorer, alle BRUDER teleskoplastere, samt Sch\u00e4ffer kompaktlaster, og CATs hjullaster og kompakt beltelaster.<\/p>\n","protected":false},"excerpt":{"rendered":"<p>Bruder<\/p>\n","protected":false},"featured_media":0,"template":"","meta":{"content-type":"","_monsterinsights_skip_tracking":false,"_monsterinsights_sitenote_active":false,"_monsterinsights_sitenote_note":"","_monsterinsights_sitenote_category":0},"product_brand":[],"product_cat":[1705],"product_tag":[],"brand":[],"target-group":[],"discontinued":[],"class_list":{"0":"post-781782","1":"product","2":"type-product","3":"status-publish","5":"product_cat-bruder-leker","7":"first","8":"instock","9":"taxable","10":"shipping-taxable","11":"product-type-simple"},"aioseo_notices":[],"_links":{"self":[{"href":"https:\/\/games.tactic.net\/no\/wp-json\/wp\/v2\/product\/781782","targetHints":{"allow":["GET"]}}],"collection":[{"href":"https:\/\/games.tactic.net\/no\/wp-json\/wp\/v2\/product"}],"about":[{"href":"https:\/\/games.tactic.net\/no\/wp-json\/wp\/v2\/types\/product"}],"wp:attachment":[{"href":"https:\/\/games.tactic.net\/no\/wp-json\/wp\/v2\/media?parent=781782"}],"wp:term":[{"taxonomy":"product_brand","embeddable":true,"href":"https:\/\/games.tactic.net\/no\/wp-json\/wp\/v2\/product_brand?post=781782"},{"taxonomy":"product_cat","embeddable":true,"href":"https:\/\/games.tactic.net\/no\/wp-json\/wp\/v2\/product_cat?post=781782"},{"taxonomy":"product_tag","embeddable":true,"href":"https:\/\/games.tactic.net\/no\/wp-json\/wp\/v2\/product_tag?post=781782"},{"taxonomy":"brand","embeddable":true,"href":"https:\/\/games.tactic.net\/no\/wp-json\/wp\/v2\/brand?post=781782"},{"taxonomy":"target-group","embeddable":true,"href":"https:\/\/games.tactic.net\/no\/wp-json\/wp\/v2\/target-group?post=781782"},{"taxonomy":"discontinued","embeddable":true,"href":"https:\/\/games.tactic.net\/no\/wp-json\/wp\/v2\/discontinued?post=781782"}],"curies":[{"name":"wp","href":"https:\/\/api.w.org\/{rel}","templated":true}]}}