{"id":778013,"date":"2023-09-11T08:04:14","date_gmt":"2023-09-11T05:04:14","guid":{"rendered":"https:\/\/games.tactic.net\/tuote\/julens-kortspill\/"},"modified":"2024-10-17T10:46:49","modified_gmt":"2024-10-17T07:46:49","slug":"julens-kortspill","status":"publish","type":"product","link":"https:\/\/games.tactic.net\/no\/tuote\/julens-kortspill\/","title":{"rendered":"Julens kortspill"},"content":{"rendered":"<p>Er du en ekte korthai, eller vil du bare slappe av og nyte julen med venner og familie? Denne morsomme pakken lar deg pr\u00f8ve deg p\u00e5 24 forskjellige fascinerende kortspill! Det allsidige innholdet i denne kvalitetspakken gj\u00f8r at den passer for b\u00e5de nybegynnere og erfarne spillere. Reglene er skrevet av profesjonelle kortspillere, og l\u00e6rer deg nye ferdigheter og utdyper kunnskapen din. Disse kortspillene vil fylle juletiden med moro og glede!<\/p>\n","protected":false},"excerpt":{"rendered":"<p>Er du en ekte korthai, eller vil du bare slappe av og nyte julen med venner og familie? Denne morsomme pakken lar deg pr\u00f8ve deg p\u00e5 24 forskjellige fascinerende kortspill! Det allsidige innholdet i denne kvalitetspakken gj\u00f8r at den passer for b\u00e5de nybegynnere og erfarne spillere. Reglene er skrevet av profesjonelle kortspillere, og l\u00e6rer deg [&hellip;]<\/p>\n","protected":false},"featured_media":0,"template":"","meta":{"content-type":"","_monsterinsights_skip_tracking":false,"_monsterinsights_sitenote_active":false,"_monsterinsights_sitenote_note":"","_monsterinsights_sitenote_category":0},"product_brand":[],"product_cat":[1649],"product_tag":[],"brand":[],"target-group":[],"discontinued":[],"class_list":{"0":"post-778013","1":"product","2":"type-product","3":"status-publish","5":"product_cat-barnespill-barnespill","7":"first","8":"instock","9":"taxable","10":"shipping-taxable","11":"product-type-simple"},"aioseo_notices":[],"_links":{"self":[{"href":"https:\/\/games.tactic.net\/no\/wp-json\/wp\/v2\/product\/778013","targetHints":{"allow":["GET"]}}],"collection":[{"href":"https:\/\/games.tactic.net\/no\/wp-json\/wp\/v2\/product"}],"about":[{"href":"https:\/\/games.tactic.net\/no\/wp-json\/wp\/v2\/types\/product"}],"wp:attachment":[{"href":"https:\/\/games.tactic.net\/no\/wp-json\/wp\/v2\/media?parent=778013"}],"wp:term":[{"taxonomy":"product_brand","embeddable":true,"href":"https:\/\/games.tactic.net\/no\/wp-json\/wp\/v2\/product_brand?post=778013"},{"taxonomy":"product_cat","embeddable":true,"href":"https:\/\/games.tactic.net\/no\/wp-json\/wp\/v2\/product_cat?post=778013"},{"taxonomy":"product_tag","embeddable":true,"href":"https:\/\/games.tactic.net\/no\/wp-json\/wp\/v2\/product_tag?post=778013"},{"taxonomy":"brand","embeddable":true,"href":"https:\/\/games.tactic.net\/no\/wp-json\/wp\/v2\/brand?post=778013"},{"taxonomy":"target-group","embeddable":true,"href":"https:\/\/games.tactic.net\/no\/wp-json\/wp\/v2\/target-group?post=778013"},{"taxonomy":"discontinued","embeddable":true,"href":"https:\/\/games.tactic.net\/no\/wp-json\/wp\/v2\/discontinued?post=778013"}],"curies":[{"name":"wp","href":"https:\/\/api.w.org\/{rel}","templated":true}]}}