{"id":777673,"date":"2023-09-07T16:07:42","date_gmt":"2023-09-07T13:07:42","guid":{"rendered":"https:\/\/games.tactic.net\/tuote\/vi-laerer-oss-gronnsaker\/"},"modified":"2024-01-23T11:18:26","modified_gmt":"2024-01-23T09:18:26","slug":"vi-laerer-oss-gronnsaker","status":"publish","type":"product","link":"https:\/\/games.tactic.net\/no\/tuote\/vi-laerer-oss-gronnsaker\/","title":{"rendered":"Vi l\u00e6rer oss Gr\u00f8nnsaker"},"content":{"rendered":"<p>Hard cover bok med flotte ideer for \u00e5 dyrke planter og blomster. Boka gir n\u00e6ring til barnas naturlige nysgjerrighet. Aktiviteter, fakta og enkle tips om \u00e5 utforske naturen. Ark med flotte klistremerker medf\u00f8lger.<\/p>\n","protected":false},"excerpt":{"rendered":"<p>Hard cover bok med flotte ideer for \u00e5 dyrke planter og blomster. Boka gir n\u00e6ring til barnas naturlige nysgjerrighet. Aktiviteter, fakta og enkle tips om \u00e5 utforske naturen. Ark med flotte klistremerker medf\u00f8lger.<\/p>\n","protected":false},"featured_media":0,"template":"","meta":{"content-type":"","_monsterinsights_skip_tracking":false,"_monsterinsights_sitenote_active":false,"_monsterinsights_sitenote_note":"","_monsterinsights_sitenote_category":0},"product_brand":[],"product_cat":[2026],"product_tag":[],"brand":[],"target-group":[],"discontinued":[],"class_list":{"0":"post-777673","1":"product","2":"type-product","3":"status-publish","5":"product_cat-aktivitetsboker","7":"first","8":"instock","9":"taxable","10":"shipping-taxable","11":"product-type-simple"},"aioseo_notices":[],"_links":{"self":[{"href":"https:\/\/games.tactic.net\/no\/wp-json\/wp\/v2\/product\/777673","targetHints":{"allow":["GET"]}}],"collection":[{"href":"https:\/\/games.tactic.net\/no\/wp-json\/wp\/v2\/product"}],"about":[{"href":"https:\/\/games.tactic.net\/no\/wp-json\/wp\/v2\/types\/product"}],"wp:attachment":[{"href":"https:\/\/games.tactic.net\/no\/wp-json\/wp\/v2\/media?parent=777673"}],"wp:term":[{"taxonomy":"product_brand","embeddable":true,"href":"https:\/\/games.tactic.net\/no\/wp-json\/wp\/v2\/product_brand?post=777673"},{"taxonomy":"product_cat","embeddable":true,"href":"https:\/\/games.tactic.net\/no\/wp-json\/wp\/v2\/product_cat?post=777673"},{"taxonomy":"product_tag","embeddable":true,"href":"https:\/\/games.tactic.net\/no\/wp-json\/wp\/v2\/product_tag?post=777673"},{"taxonomy":"brand","embeddable":true,"href":"https:\/\/games.tactic.net\/no\/wp-json\/wp\/v2\/brand?post=777673"},{"taxonomy":"target-group","embeddable":true,"href":"https:\/\/games.tactic.net\/no\/wp-json\/wp\/v2\/target-group?post=777673"},{"taxonomy":"discontinued","embeddable":true,"href":"https:\/\/games.tactic.net\/no\/wp-json\/wp\/v2\/discontinued?post=777673"}],"curies":[{"name":"wp","href":"https:\/\/api.w.org\/{rel}","templated":true}]}}