{"id":776894,"date":"2023-08-29T12:47:06","date_gmt":"2023-08-29T09:47:06","guid":{"rendered":"https:\/\/games.tactic.net\/tuote\/julens-yatzy\/"},"modified":"2024-10-17T10:49:18","modified_gmt":"2024-10-17T07:49:18","slug":"julens-yatzy","status":"publish","type":"product","link":"https:\/\/games.tactic.net\/no\/tuote\/julens-yatzy\/","title":{"rendered":"Julens Yatzy"},"content":{"rendered":"<p>F\u00f8l julens magi med dette klassiske terningspillet! Yatzy spilles med fem terninger. Spillerne kaster terningene etter tur, og pr\u00f8ver \u00e5 f\u00e5 s\u00e5 mange kombinasjoner som mulig. Kombinasjonene st\u00e5r i poengblokka, og spilleren med h\u00f8yest poengsum vinner!<\/p>\n","protected":false},"excerpt":{"rendered":"<p>F\u00f8l julens magi med dette klassiske terningspillet! Yatzy spilles med fem terninger. Spillerne kaster terningene etter tur, og pr\u00f8ver \u00e5 f\u00e5 s\u00e5 mange kombinasjoner som mulig. Kombinasjonene st\u00e5r i poengblokka, og spilleren med h\u00f8yest poengsum vinner!<\/p>\n","protected":false},"featured_media":0,"template":"","meta":{"content-type":"","_monsterinsights_skip_tracking":false,"_monsterinsights_sitenote_active":false,"_monsterinsights_sitenote_note":"","_monsterinsights_sitenote_category":0},"product_brand":[],"product_cat":[1664,1665],"product_tag":[],"brand":[],"target-group":[],"discontinued":[],"class_list":{"0":"post-776894","1":"product","2":"type-product","3":"status-publish","5":"product_cat-sporrespill","6":"product_cat-sporrespill-voksenspill","8":"first","9":"instock","10":"taxable","11":"shipping-taxable","12":"product-type-simple"},"aioseo_notices":[],"_links":{"self":[{"href":"https:\/\/games.tactic.net\/no\/wp-json\/wp\/v2\/product\/776894","targetHints":{"allow":["GET"]}}],"collection":[{"href":"https:\/\/games.tactic.net\/no\/wp-json\/wp\/v2\/product"}],"about":[{"href":"https:\/\/games.tactic.net\/no\/wp-json\/wp\/v2\/types\/product"}],"wp:attachment":[{"href":"https:\/\/games.tactic.net\/no\/wp-json\/wp\/v2\/media?parent=776894"}],"wp:term":[{"taxonomy":"product_brand","embeddable":true,"href":"https:\/\/games.tactic.net\/no\/wp-json\/wp\/v2\/product_brand?post=776894"},{"taxonomy":"product_cat","embeddable":true,"href":"https:\/\/games.tactic.net\/no\/wp-json\/wp\/v2\/product_cat?post=776894"},{"taxonomy":"product_tag","embeddable":true,"href":"https:\/\/games.tactic.net\/no\/wp-json\/wp\/v2\/product_tag?post=776894"},{"taxonomy":"brand","embeddable":true,"href":"https:\/\/games.tactic.net\/no\/wp-json\/wp\/v2\/brand?post=776894"},{"taxonomy":"target-group","embeddable":true,"href":"https:\/\/games.tactic.net\/no\/wp-json\/wp\/v2\/target-group?post=776894"},{"taxonomy":"discontinued","embeddable":true,"href":"https:\/\/games.tactic.net\/no\/wp-json\/wp\/v2\/discontinued?post=776894"}],"curies":[{"name":"wp","href":"https:\/\/api.w.org\/{rel}","templated":true}]}}