{"id":776175,"date":"2023-08-21T13:12:16","date_gmt":"2023-08-21T10:12:16","guid":{"rendered":"https:\/\/games.tactic.net\/tuote\/bruder-wheel-loader\/"},"modified":"2024-01-12T09:29:18","modified_gmt":"2024-01-12T07:29:18","slug":"bruder-wheel-loader","status":"publish","type":"product","link":"https:\/\/games.tactic.net\/no\/tuote\/bruder-wheel-loader\/","title":{"rendered":"Bruder ROADMAX hjullaster lekesett"},"content":{"rendered":"<p>BRUDERs anleggsmaskiner er sv\u00e6rt popul\u00e6re, med lekre detaljer og mange funksjoner. N\u00e5 er den nye hjullasteren kommet i sortimentet. Med smart design, enkel bruk, sentralt h\u00e5ndtak som styrer lasterarmen og skuffen, grove dekk og leddstyring er den perfekt b\u00e5de i sandkassen og i hagen. Anbefalt fra 2 \u00e5r.<\/p>\n","protected":false},"excerpt":{"rendered":"<p>BRUDER hjullaster med smart design, enkel styring, stort h\u00e5ndtak og grove dekk. Leddstyring gj\u00f8r den perfekt i sandkassen. Passer selv for sm\u00e5 barn fra 2 \u00e5r \u2013 ekte byggeglede.<\/p>\n","protected":false},"featured_media":0,"template":"","meta":{"content-type":"","_monsterinsights_skip_tracking":false,"_monsterinsights_sitenote_active":false,"_monsterinsights_sitenote_note":"","_monsterinsights_sitenote_category":0},"product_brand":[],"product_cat":[1705],"product_tag":[],"brand":[],"target-group":[],"discontinued":[],"class_list":{"0":"post-776175","1":"product","2":"type-product","3":"status-publish","5":"product_cat-bruder-leker","7":"first","8":"instock","9":"taxable","10":"shipping-taxable","11":"product-type-simple"},"aioseo_notices":[],"_links":{"self":[{"href":"https:\/\/games.tactic.net\/no\/wp-json\/wp\/v2\/product\/776175","targetHints":{"allow":["GET"]}}],"collection":[{"href":"https:\/\/games.tactic.net\/no\/wp-json\/wp\/v2\/product"}],"about":[{"href":"https:\/\/games.tactic.net\/no\/wp-json\/wp\/v2\/types\/product"}],"wp:attachment":[{"href":"https:\/\/games.tactic.net\/no\/wp-json\/wp\/v2\/media?parent=776175"}],"wp:term":[{"taxonomy":"product_brand","embeddable":true,"href":"https:\/\/games.tactic.net\/no\/wp-json\/wp\/v2\/product_brand?post=776175"},{"taxonomy":"product_cat","embeddable":true,"href":"https:\/\/games.tactic.net\/no\/wp-json\/wp\/v2\/product_cat?post=776175"},{"taxonomy":"product_tag","embeddable":true,"href":"https:\/\/games.tactic.net\/no\/wp-json\/wp\/v2\/product_tag?post=776175"},{"taxonomy":"brand","embeddable":true,"href":"https:\/\/games.tactic.net\/no\/wp-json\/wp\/v2\/brand?post=776175"},{"taxonomy":"target-group","embeddable":true,"href":"https:\/\/games.tactic.net\/no\/wp-json\/wp\/v2\/target-group?post=776175"},{"taxonomy":"discontinued","embeddable":true,"href":"https:\/\/games.tactic.net\/no\/wp-json\/wp\/v2\/discontinued?post=776175"}],"curies":[{"name":"wp","href":"https:\/\/api.w.org\/{rel}","templated":true}]}}