{"id":775504,"date":"2023-08-15T11:31:51","date_gmt":"2023-08-15T08:31:51","guid":{"rendered":"https:\/\/games.tactic.net\/tuote\/sven-bamse-35-cm-creme\/"},"modified":"2024-01-08T16:51:52","modified_gmt":"2024-01-08T14:51:52","slug":"sven-bamse-35-cm-creme","status":"publish","type":"product","link":"https:\/\/games.tactic.net\/no\/tuote\/sven-bamse-35-cm-creme\/","title":{"rendered":"Sven bamse 35 cm beige"},"content":{"rendered":"<p>Teddybj\u00f8rnen Sven liten finnes i to vakre farger. Den er produsert av et \u00d8ko-Tex sertifisert materiale og fyllet er av resirkulert plast. Han har en snute av brunt garn, og m\u00f8rkebrune broderte \u00f8yne. H\u00f8rer til &laquo;Ecofriends-serien&raquo;.Kan vaskes p\u00e5 40 grader. Godkjent fra 0+.<\/p>\n","protected":false},"excerpt":{"rendered":"<p>Teddybj\u00f8rnen Sven liten finnes i to vakre farger. Den er produsert av et \u00d8ko-Tex sertifisert materiale og fyllet er av resirkulert plast. Han har en snute av brunt garn, og m\u00f8rkebrune broderte \u00f8yne. H\u00f8rer til &laquo;Ecofriends-serien&raquo;.Kan vaskes p\u00e5 40 grader. Godkjent fra 0+.<\/p>\n","protected":false},"featured_media":0,"template":"","meta":{"content-type":"","_monsterinsights_skip_tracking":false,"_monsterinsights_sitenote_active":false,"_monsterinsights_sitenote_note":"","_monsterinsights_sitenote_category":0},"product_brand":[],"product_cat":[2048],"product_tag":[],"brand":[],"target-group":[],"discontinued":[],"class_list":{"0":"post-775504","1":"product","2":"type-product","3":"status-publish","5":"product_cat-teddykompaniet","7":"first","8":"instock","9":"taxable","10":"shipping-taxable","11":"product-type-simple"},"aioseo_notices":[],"_links":{"self":[{"href":"https:\/\/games.tactic.net\/no\/wp-json\/wp\/v2\/product\/775504","targetHints":{"allow":["GET"]}}],"collection":[{"href":"https:\/\/games.tactic.net\/no\/wp-json\/wp\/v2\/product"}],"about":[{"href":"https:\/\/games.tactic.net\/no\/wp-json\/wp\/v2\/types\/product"}],"wp:attachment":[{"href":"https:\/\/games.tactic.net\/no\/wp-json\/wp\/v2\/media?parent=775504"}],"wp:term":[{"taxonomy":"product_brand","embeddable":true,"href":"https:\/\/games.tactic.net\/no\/wp-json\/wp\/v2\/product_brand?post=775504"},{"taxonomy":"product_cat","embeddable":true,"href":"https:\/\/games.tactic.net\/no\/wp-json\/wp\/v2\/product_cat?post=775504"},{"taxonomy":"product_tag","embeddable":true,"href":"https:\/\/games.tactic.net\/no\/wp-json\/wp\/v2\/product_tag?post=775504"},{"taxonomy":"brand","embeddable":true,"href":"https:\/\/games.tactic.net\/no\/wp-json\/wp\/v2\/brand?post=775504"},{"taxonomy":"target-group","embeddable":true,"href":"https:\/\/games.tactic.net\/no\/wp-json\/wp\/v2\/target-group?post=775504"},{"taxonomy":"discontinued","embeddable":true,"href":"https:\/\/games.tactic.net\/no\/wp-json\/wp\/v2\/discontinued?post=775504"}],"curies":[{"name":"wp","href":"https:\/\/api.w.org\/{rel}","templated":true}]}}