{"id":775399,"date":"2023-08-15T11:25:54","date_gmt":"2023-08-15T08:25:54","guid":{"rendered":"https:\/\/games.tactic.net\/tuote\/isbjorn-23-cm\/"},"modified":"2024-01-08T16:30:25","modified_gmt":"2024-01-08T14:30:25","slug":"isbjorn-23-cm","status":"publish","type":"product","link":"https:\/\/games.tactic.net\/no\/tuote\/isbjorn-23-cm\/","title":{"rendered":"Isbj\u00f8rn 23 cm"},"content":{"rendered":"<p>En supers\u00f8t isbj\u00f8rn, som h\u00f8rer til Teddykompaniets arktiske familie. Den har barnesikre \u00f8yne, er flammesikker og har testede s\u00f8mmer. Kan vaskes p\u00e5 40 grader. Godkjent fra 0+.<\/p>\n","protected":false},"excerpt":{"rendered":"<p>En supers\u00f8t isbj\u00f8rn, som h\u00f8rer til Teddykompaniets arktiske familie. Den har barnesikre \u00f8yne, er flammesikker og har testede s\u00f8mmer. Kan vaskes p\u00e5 40 grader. Godkjent fra 0+.<\/p>\n","protected":false},"featured_media":775385,"template":"","meta":{"content-type":"","_monsterinsights_skip_tracking":false,"_monsterinsights_sitenote_active":false,"_monsterinsights_sitenote_note":"","_monsterinsights_sitenote_category":0},"product_brand":[],"product_cat":[2048],"product_tag":[],"brand":[],"target-group":[],"discontinued":[],"class_list":{"0":"post-775399","1":"product","2":"type-product","3":"status-publish","4":"has-post-thumbnail","6":"product_cat-teddykompaniet","8":"first","9":"instock","10":"taxable","11":"shipping-taxable","12":"product-type-simple"},"aioseo_notices":[],"_links":{"self":[{"href":"https:\/\/games.tactic.net\/no\/wp-json\/wp\/v2\/product\/775399","targetHints":{"allow":["GET"]}}],"collection":[{"href":"https:\/\/games.tactic.net\/no\/wp-json\/wp\/v2\/product"}],"about":[{"href":"https:\/\/games.tactic.net\/no\/wp-json\/wp\/v2\/types\/product"}],"wp:featuredmedia":[{"embeddable":true,"href":"https:\/\/games.tactic.net\/no\/wp-json\/wp\/v2\/media\/775385"}],"wp:attachment":[{"href":"https:\/\/games.tactic.net\/no\/wp-json\/wp\/v2\/media?parent=775399"}],"wp:term":[{"taxonomy":"product_brand","embeddable":true,"href":"https:\/\/games.tactic.net\/no\/wp-json\/wp\/v2\/product_brand?post=775399"},{"taxonomy":"product_cat","embeddable":true,"href":"https:\/\/games.tactic.net\/no\/wp-json\/wp\/v2\/product_cat?post=775399"},{"taxonomy":"product_tag","embeddable":true,"href":"https:\/\/games.tactic.net\/no\/wp-json\/wp\/v2\/product_tag?post=775399"},{"taxonomy":"brand","embeddable":true,"href":"https:\/\/games.tactic.net\/no\/wp-json\/wp\/v2\/brand?post=775399"},{"taxonomy":"target-group","embeddable":true,"href":"https:\/\/games.tactic.net\/no\/wp-json\/wp\/v2\/target-group?post=775399"},{"taxonomy":"discontinued","embeddable":true,"href":"https:\/\/games.tactic.net\/no\/wp-json\/wp\/v2\/discontinued?post=775399"}],"curies":[{"name":"wp","href":"https:\/\/api.w.org\/{rel}","templated":true}]}}