{"id":775384,"date":"2023-08-15T11:25:02","date_gmt":"2023-08-15T08:25:02","guid":{"rendered":"https:\/\/games.tactic.net\/tuote\/toffiser-elias-elefant-40-cm\/"},"modified":"2024-01-08T16:57:22","modified_gmt":"2024-01-08T14:57:22","slug":"toffiser-elias-elefant-40-cm","status":"publish","type":"product","link":"https:\/\/games.tactic.net\/no\/tuote\/toffiser-elias-elefant-40-cm\/","title":{"rendered":"T\u00f8ffiser Elias elefant 40 cm"},"content":{"rendered":"<p>Bli med elefanten Elias p\u00e5 eventyr. Den har barnesikre \u00f8yne, er flammesikker og har testede s\u00f8mmer. Kan vaskes p\u00e5 40 grader. Godkjent fra 0+.<\/p>\n","protected":false},"excerpt":{"rendered":"<p>Bli med elefanten Elias p\u00e5 eventyr. Den har barnesikre \u00f8yne, er flammesikker og har testede s\u00f8mmer. Kan vaskes p\u00e5 40 grader. Godkjent fra 0+.<\/p>\n","protected":false},"featured_media":775370,"template":"","meta":{"content-type":"","_monsterinsights_skip_tracking":false,"_monsterinsights_sitenote_active":false,"_monsterinsights_sitenote_note":"","_monsterinsights_sitenote_category":0},"product_brand":[],"product_cat":[2048],"product_tag":[],"brand":[],"target-group":[],"discontinued":[],"class_list":{"0":"post-775384","1":"product","2":"type-product","3":"status-publish","4":"has-post-thumbnail","6":"product_cat-teddykompaniet","8":"first","9":"instock","10":"taxable","11":"shipping-taxable","12":"product-type-simple"},"aioseo_notices":[],"_links":{"self":[{"href":"https:\/\/games.tactic.net\/no\/wp-json\/wp\/v2\/product\/775384","targetHints":{"allow":["GET"]}}],"collection":[{"href":"https:\/\/games.tactic.net\/no\/wp-json\/wp\/v2\/product"}],"about":[{"href":"https:\/\/games.tactic.net\/no\/wp-json\/wp\/v2\/types\/product"}],"wp:featuredmedia":[{"embeddable":true,"href":"https:\/\/games.tactic.net\/no\/wp-json\/wp\/v2\/media\/775370"}],"wp:attachment":[{"href":"https:\/\/games.tactic.net\/no\/wp-json\/wp\/v2\/media?parent=775384"}],"wp:term":[{"taxonomy":"product_brand","embeddable":true,"href":"https:\/\/games.tactic.net\/no\/wp-json\/wp\/v2\/product_brand?post=775384"},{"taxonomy":"product_cat","embeddable":true,"href":"https:\/\/games.tactic.net\/no\/wp-json\/wp\/v2\/product_cat?post=775384"},{"taxonomy":"product_tag","embeddable":true,"href":"https:\/\/games.tactic.net\/no\/wp-json\/wp\/v2\/product_tag?post=775384"},{"taxonomy":"brand","embeddable":true,"href":"https:\/\/games.tactic.net\/no\/wp-json\/wp\/v2\/brand?post=775384"},{"taxonomy":"target-group","embeddable":true,"href":"https:\/\/games.tactic.net\/no\/wp-json\/wp\/v2\/target-group?post=775384"},{"taxonomy":"discontinued","embeddable":true,"href":"https:\/\/games.tactic.net\/no\/wp-json\/wp\/v2\/discontinued?post=775384"}],"curies":[{"name":"wp","href":"https:\/\/api.w.org\/{rel}","templated":true}]}}