{"id":775339,"date":"2023-08-15T11:19:03","date_gmt":"2023-08-15T08:19:03","guid":{"rendered":"https:\/\/games.tactic.net\/tuote\/toffiser-stella-enhjorning-40-cm\/"},"modified":"2024-09-25T10:14:52","modified_gmt":"2024-09-25T07:14:52","slug":"toffiser-stella-enhjorning-40-cm","status":"publish","type":"product","link":"https:\/\/games.tactic.net\/no\/tuote\/toffiser-stella-enhjorning-40-cm\/","title":{"rendered":"T\u00f8ffiser Stella enhj\u00f8rning 40 cm"},"content":{"rendered":"<p>Bli med enhj\u00f8rningen Stella p\u00e5 eventyr. Den har barnesikre \u00f8yne, er flammesikker og har testede s\u00f8mmer. Kan vaskes p\u00e5 40 grader. Godkjent fra 0+.<\/p>\n","protected":false},"excerpt":{"rendered":"<p>Bli med enhj\u00f8rningen Stella p\u00e5 eventyr. Den har barnesikre \u00f8yne, er flammesikker og har testede s\u00f8mmer. Kan vaskes p\u00e5 40 grader. Godkjent fra 0+.<\/p>\n","protected":false},"featured_media":775325,"template":"","meta":{"content-type":"","_monsterinsights_skip_tracking":false,"_monsterinsights_sitenote_active":false,"_monsterinsights_sitenote_note":"","_monsterinsights_sitenote_category":0},"product_brand":[],"product_cat":[2048],"product_tag":[],"brand":[],"target-group":[],"discontinued":[],"class_list":{"0":"post-775339","1":"product","2":"type-product","3":"status-publish","4":"has-post-thumbnail","6":"product_cat-teddykompaniet","8":"first","9":"outofstock","10":"taxable","11":"shipping-taxable","12":"product-type-simple"},"aioseo_notices":[],"_links":{"self":[{"href":"https:\/\/games.tactic.net\/no\/wp-json\/wp\/v2\/product\/775339","targetHints":{"allow":["GET"]}}],"collection":[{"href":"https:\/\/games.tactic.net\/no\/wp-json\/wp\/v2\/product"}],"about":[{"href":"https:\/\/games.tactic.net\/no\/wp-json\/wp\/v2\/types\/product"}],"wp:featuredmedia":[{"embeddable":true,"href":"https:\/\/games.tactic.net\/no\/wp-json\/wp\/v2\/media\/775325"}],"wp:attachment":[{"href":"https:\/\/games.tactic.net\/no\/wp-json\/wp\/v2\/media?parent=775339"}],"wp:term":[{"taxonomy":"product_brand","embeddable":true,"href":"https:\/\/games.tactic.net\/no\/wp-json\/wp\/v2\/product_brand?post=775339"},{"taxonomy":"product_cat","embeddable":true,"href":"https:\/\/games.tactic.net\/no\/wp-json\/wp\/v2\/product_cat?post=775339"},{"taxonomy":"product_tag","embeddable":true,"href":"https:\/\/games.tactic.net\/no\/wp-json\/wp\/v2\/product_tag?post=775339"},{"taxonomy":"brand","embeddable":true,"href":"https:\/\/games.tactic.net\/no\/wp-json\/wp\/v2\/brand?post=775339"},{"taxonomy":"target-group","embeddable":true,"href":"https:\/\/games.tactic.net\/no\/wp-json\/wp\/v2\/target-group?post=775339"},{"taxonomy":"discontinued","embeddable":true,"href":"https:\/\/games.tactic.net\/no\/wp-json\/wp\/v2\/discontinued?post=775339"}],"curies":[{"name":"wp","href":"https:\/\/api.w.org\/{rel}","templated":true}]}}