{"id":775174,"date":"2023-08-15T10:57:42","date_gmt":"2023-08-15T07:57:42","guid":{"rendered":"https:\/\/games.tactic.net\/tuote\/retro-pals-rev-30-cm\/"},"modified":"2024-01-08T16:50:45","modified_gmt":"2024-01-08T14:50:45","slug":"retro-pals-rev-30-cm","status":"publish","type":"product","link":"https:\/\/games.tactic.net\/no\/tuote\/retro-pals-rev-30-cm\/","title":{"rendered":"Retro Pals rev 30 cm"},"content":{"rendered":"<p>Retro Pals rev tilh\u00f8rer en liten serie p\u00e5 tre, med forn\u00f8yelige kosedyr. Med sin deilige, myke og rufsete pels, blir den fort barnas beste venn. Den har barnesikre \u00f8yne, er flammesikker og har testede s\u00f8mmer. Kan vaskes p\u00e5 40 grader. Godkjent fra 0+.<\/p>\n","protected":false},"excerpt":{"rendered":"<p>Retro Pals rev tilh\u00f8rer en liten serie p\u00e5 tre, med forn\u00f8yelige kosedyr. Med sin deilige, myke og rufsete pels, blir den fort barnas beste venn. Den har barnesikre \u00f8yne, er flammesikker og har testede s\u00f8mmer. Kan vaskes p\u00e5 40 grader. Godkjent fra 0+.<\/p>\n","protected":false},"featured_media":775160,"template":"","meta":{"content-type":"","_monsterinsights_skip_tracking":false,"_monsterinsights_sitenote_active":false,"_monsterinsights_sitenote_note":"","_monsterinsights_sitenote_category":0},"product_brand":[],"product_cat":[2048],"product_tag":[],"brand":[],"target-group":[],"discontinued":[],"class_list":{"0":"post-775174","1":"product","2":"type-product","3":"status-publish","4":"has-post-thumbnail","6":"product_cat-teddykompaniet","8":"first","9":"instock","10":"taxable","11":"shipping-taxable","12":"product-type-simple"},"aioseo_notices":[],"_links":{"self":[{"href":"https:\/\/games.tactic.net\/no\/wp-json\/wp\/v2\/product\/775174","targetHints":{"allow":["GET"]}}],"collection":[{"href":"https:\/\/games.tactic.net\/no\/wp-json\/wp\/v2\/product"}],"about":[{"href":"https:\/\/games.tactic.net\/no\/wp-json\/wp\/v2\/types\/product"}],"wp:featuredmedia":[{"embeddable":true,"href":"https:\/\/games.tactic.net\/no\/wp-json\/wp\/v2\/media\/775160"}],"wp:attachment":[{"href":"https:\/\/games.tactic.net\/no\/wp-json\/wp\/v2\/media?parent=775174"}],"wp:term":[{"taxonomy":"product_brand","embeddable":true,"href":"https:\/\/games.tactic.net\/no\/wp-json\/wp\/v2\/product_brand?post=775174"},{"taxonomy":"product_cat","embeddable":true,"href":"https:\/\/games.tactic.net\/no\/wp-json\/wp\/v2\/product_cat?post=775174"},{"taxonomy":"product_tag","embeddable":true,"href":"https:\/\/games.tactic.net\/no\/wp-json\/wp\/v2\/product_tag?post=775174"},{"taxonomy":"brand","embeddable":true,"href":"https:\/\/games.tactic.net\/no\/wp-json\/wp\/v2\/brand?post=775174"},{"taxonomy":"target-group","embeddable":true,"href":"https:\/\/games.tactic.net\/no\/wp-json\/wp\/v2\/target-group?post=775174"},{"taxonomy":"discontinued","embeddable":true,"href":"https:\/\/games.tactic.net\/no\/wp-json\/wp\/v2\/discontinued?post=775174"}],"curies":[{"name":"wp","href":"https:\/\/api.w.org\/{rel}","templated":true}]}}