{"id":774299,"date":"2023-08-09T15:34:40","date_gmt":"2023-08-09T12:34:40","guid":{"rendered":"https:\/\/games.tactic.net\/tuote\/moder-jord\/"},"modified":"2024-03-13T16:00:12","modified_gmt":"2024-03-13T14:00:12","slug":"moder-jord","status":"publish","type":"product","link":"https:\/\/games.tactic.net\/no\/tuote\/moder-jord\/","title":{"rendered":"Moder jord"},"content":{"rendered":"<p>Hvor mye ved du om planeten v\u00e5r? Test kunnskapene dine om jorden, og l\u00e6r mer om hva du kan gj\u00f8re for den i dette quizspillet for hele verden. Finn ut hva du kan gj\u00f8re for \u00e5 ta vare p\u00e5 planeten v\u00e5r og alle undrene den inneholder. &#8211; Faktaspill fullt av fascinerende og oppdatert innhold. &#8211; L\u00e6r mer om hva du kan gj\u00f8re for planeten v\u00e5r!<\/p>\n","protected":false},"excerpt":{"rendered":"<p>Hvor mye ved du om planeten v\u00e5r? Test kunnskapene dine om jorden, og l\u00e6r mer om hva du kan gj\u00f8re for den i dette quizspillet for hele verden. Finn ut hva du kan gj\u00f8re for \u00e5 ta vare p\u00e5 planeten v\u00e5r og alle undrene den inneholder. &#8211; Faktaspill fullt av fascinerende og oppdatert innhold. &#8211; L\u00e6r mer om hva du kan gj\u00f8re for planeten v\u00e5r!<\/p>\n","protected":false},"featured_media":0,"template":"","meta":{"content-type":"","_monsterinsights_skip_tracking":false,"_monsterinsights_sitenote_active":false,"_monsterinsights_sitenote_note":"","_monsterinsights_sitenote_category":0},"product_brand":[],"product_cat":[1664],"product_tag":[1274,1255,1267],"brand":[],"target-group":[],"discontinued":[],"class_list":{"0":"post-774299","1":"product","2":"type-product","3":"status-publish","5":"product_cat-sporrespill","6":"product_tag-kunnskap","7":"product_tag-pedagogisk-no","8":"product_tag-sammen-no","10":"first","11":"instock","12":"taxable","13":"shipping-taxable","14":"product-type-simple"},"aioseo_notices":[],"_links":{"self":[{"href":"https:\/\/games.tactic.net\/no\/wp-json\/wp\/v2\/product\/774299","targetHints":{"allow":["GET"]}}],"collection":[{"href":"https:\/\/games.tactic.net\/no\/wp-json\/wp\/v2\/product"}],"about":[{"href":"https:\/\/games.tactic.net\/no\/wp-json\/wp\/v2\/types\/product"}],"wp:attachment":[{"href":"https:\/\/games.tactic.net\/no\/wp-json\/wp\/v2\/media?parent=774299"}],"wp:term":[{"taxonomy":"product_brand","embeddable":true,"href":"https:\/\/games.tactic.net\/no\/wp-json\/wp\/v2\/product_brand?post=774299"},{"taxonomy":"product_cat","embeddable":true,"href":"https:\/\/games.tactic.net\/no\/wp-json\/wp\/v2\/product_cat?post=774299"},{"taxonomy":"product_tag","embeddable":true,"href":"https:\/\/games.tactic.net\/no\/wp-json\/wp\/v2\/product_tag?post=774299"},{"taxonomy":"brand","embeddable":true,"href":"https:\/\/games.tactic.net\/no\/wp-json\/wp\/v2\/brand?post=774299"},{"taxonomy":"target-group","embeddable":true,"href":"https:\/\/games.tactic.net\/no\/wp-json\/wp\/v2\/target-group?post=774299"},{"taxonomy":"discontinued","embeddable":true,"href":"https:\/\/games.tactic.net\/no\/wp-json\/wp\/v2\/discontinued?post=774299"}],"curies":[{"name":"wp","href":"https:\/\/api.w.org\/{rel}","templated":true}]}}