{"id":774284,"date":"2023-08-09T15:32:13","date_gmt":"2023-08-09T12:32:13","guid":{"rendered":"https:\/\/games.tactic.net\/tuote\/alias-mysterium\/"},"modified":"2024-01-11T12:56:03","modified_gmt":"2024-01-11T10:56:03","slug":"alias-mysterium","status":"publish","type":"product","link":"https:\/\/games.tactic.net\/no\/tuote\/alias-mysterium\/","title":{"rendered":"Alias Mysterium"},"content":{"rendered":"<p>Finner du koblingen? Det er et fellestrekk blant ordene p\u00e5 hvert kort. Forklar ordene og finn ut hva de har til felles sammen. Tidsuret tar aldri slutt, s\u00e5 gj\u00f8r deg klar til et hektisk kappl\u00f8p mot tiden! &#8211; Samarbeid-Alias med en helt ny utfordring! &#8211; L\u00f8s den mystiske koblingen p\u00e5 hver kort.<\/p>\n","protected":false},"excerpt":{"rendered":"<p>Finner du koblingen? Det er et fellestrekk blant ordene p\u00e5 hvert kort. Forklar ordene og finn ut hva de har til felles sammen. Tidsuret tar aldri slutt, s\u00e5 gj\u00f8r deg klar til et hektisk kappl\u00f8p mot tiden!<\/p>\n","protected":false},"featured_media":0,"template":"","meta":{"content-type":"","_monsterinsights_skip_tracking":false,"_monsterinsights_sitenote_active":false,"_monsterinsights_sitenote_note":"","_monsterinsights_sitenote_category":0},"product_brand":[],"product_cat":[364],"product_tag":[1204],"brand":[{"id":600,"name":"Alias","slug":"alias_no"}],"target-group":[],"discontinued":[],"class_list":{"0":"post-774284","1":"product","2":"type-product","3":"status-publish","5":"product_cat-familiespill","6":"product_tag-ordforklaring-2","7":"brand-alias_no","9":"first","10":"instock","11":"taxable","12":"shipping-taxable","13":"product-type-simple"},"aioseo_notices":[],"_links":{"self":[{"href":"https:\/\/games.tactic.net\/no\/wp-json\/wp\/v2\/product\/774284","targetHints":{"allow":["GET"]}}],"collection":[{"href":"https:\/\/games.tactic.net\/no\/wp-json\/wp\/v2\/product"}],"about":[{"href":"https:\/\/games.tactic.net\/no\/wp-json\/wp\/v2\/types\/product"}],"wp:attachment":[{"href":"https:\/\/games.tactic.net\/no\/wp-json\/wp\/v2\/media?parent=774284"}],"wp:term":[{"taxonomy":"product_brand","embeddable":true,"href":"https:\/\/games.tactic.net\/no\/wp-json\/wp\/v2\/product_brand?post=774284"},{"taxonomy":"product_cat","embeddable":true,"href":"https:\/\/games.tactic.net\/no\/wp-json\/wp\/v2\/product_cat?post=774284"},{"taxonomy":"product_tag","embeddable":true,"href":"https:\/\/games.tactic.net\/no\/wp-json\/wp\/v2\/product_tag?post=774284"},{"taxonomy":"brand","embeddable":true,"href":"https:\/\/games.tactic.net\/no\/wp-json\/wp\/v2\/brand?post=774284"},{"taxonomy":"target-group","embeddable":true,"href":"https:\/\/games.tactic.net\/no\/wp-json\/wp\/v2\/target-group?post=774284"},{"taxonomy":"discontinued","embeddable":true,"href":"https:\/\/games.tactic.net\/no\/wp-json\/wp\/v2\/discontinued?post=774284"}],"curies":[{"name":"wp","href":"https:\/\/api.w.org\/{rel}","templated":true}]}}