{"id":773499,"date":"2023-08-03T15:53:56","date_gmt":"2023-08-03T12:53:56","guid":{"rendered":"https:\/\/games.tactic.net\/tuote\/diinglisar-se-rangle-kanin-15-cm-takerosa\/"},"modified":"2024-10-24T09:56:38","modified_gmt":"2024-10-24T06:56:38","slug":"diinglisar-se-rangle-kanin-15-cm-takerosa","status":"publish","type":"product","link":"https:\/\/games.tactic.net\/no\/tuote\/diinglisar-se-rangle-kanin-15-cm-takerosa\/","title":{"rendered":"Diinglisar SE rangle kanin 15 cm t\u00e5kerosa"},"content":{"rendered":"<p>Diinglisar er Teddykompaniets mest kjente \u00abkosedyrfamilie\u00bb. Her finns s\u00f8te dyr som katt og kanin, men ogs\u00e5 noen ville vi kjenner fra savannen som elefant, l\u00f8ve og sjiraff. De er produsert i den mykeste kvaliteten, og finnes som suttekluter, spilled\u00e5ser, rangler og mye mer. Testet og godkjent fra nyf\u00f8dt. Kan vaskes p\u00e5 40 grader i maskin. Produktet har broderte \u00f8yne og snute, er flammesikkert, &#8211; det er ikke tilsatt flammehemmende midler og har testede s\u00f8mmer.<\/p>\n","protected":false},"excerpt":{"rendered":"<p>Diinglisar er Teddykompaniets mest kjente \u00abkosedyrfamilie\u00bb. Her finns s\u00f8te dyr som katt og kanin, men ogs\u00e5 noen ville vi kjenner fra savannen som elefant, l\u00f8ve og sjiraff. De er produsert i den mykeste kvaliteten, og finnes som suttekluter, spilled\u00e5ser, rangler og mye mer. Testet og godkjent fra nyf\u00f8dt. Kan vaskes p\u00e5 40 grader i maskin. [&hellip;]<\/p>\n","protected":false},"featured_media":0,"template":"","meta":{"content-type":"","_monsterinsights_skip_tracking":false,"_monsterinsights_sitenote_active":false,"_monsterinsights_sitenote_note":"","_monsterinsights_sitenote_category":0},"product_brand":[],"product_cat":[2053],"product_tag":[],"brand":[],"target-group":[],"discontinued":[],"class_list":{"0":"post-773499","1":"product","2":"type-product","3":"status-publish","5":"product_cat-teddykompaniet-baby-leker","7":"first","8":"instock","9":"taxable","10":"shipping-taxable","11":"product-type-simple"},"aioseo_notices":[],"_links":{"self":[{"href":"https:\/\/games.tactic.net\/no\/wp-json\/wp\/v2\/product\/773499","targetHints":{"allow":["GET"]}}],"collection":[{"href":"https:\/\/games.tactic.net\/no\/wp-json\/wp\/v2\/product"}],"about":[{"href":"https:\/\/games.tactic.net\/no\/wp-json\/wp\/v2\/types\/product"}],"wp:attachment":[{"href":"https:\/\/games.tactic.net\/no\/wp-json\/wp\/v2\/media?parent=773499"}],"wp:term":[{"taxonomy":"product_brand","embeddable":true,"href":"https:\/\/games.tactic.net\/no\/wp-json\/wp\/v2\/product_brand?post=773499"},{"taxonomy":"product_cat","embeddable":true,"href":"https:\/\/games.tactic.net\/no\/wp-json\/wp\/v2\/product_cat?post=773499"},{"taxonomy":"product_tag","embeddable":true,"href":"https:\/\/games.tactic.net\/no\/wp-json\/wp\/v2\/product_tag?post=773499"},{"taxonomy":"brand","embeddable":true,"href":"https:\/\/games.tactic.net\/no\/wp-json\/wp\/v2\/brand?post=773499"},{"taxonomy":"target-group","embeddable":true,"href":"https:\/\/games.tactic.net\/no\/wp-json\/wp\/v2\/target-group?post=773499"},{"taxonomy":"discontinued","embeddable":true,"href":"https:\/\/games.tactic.net\/no\/wp-json\/wp\/v2\/discontinued?post=773499"}],"curies":[{"name":"wp","href":"https:\/\/api.w.org\/{rel}","templated":true}]}}