{"id":772025,"date":"2023-07-28T14:29:38","date_gmt":"2023-07-28T11:29:38","guid":{"rendered":"https:\/\/games.tactic.net\/tuote\/laerespill-jeg-laerer-klokken\/"},"modified":"2024-01-11T12:50:29","modified_gmt":"2024-01-11T10:50:29","slug":"laerespill-jeg-laerer-klokken","status":"publish","type":"product","link":"https:\/\/games.tactic.net\/no\/tuote\/laerespill-jeg-laerer-klokken\/","title":{"rendered":"L\u00e6respill Jeg l\u00e6rer Klokken"},"content":{"rendered":"<p>L\u00e6r klokka! Finn de riktige bildene for brettet ditt og drei klokkeviserne til riktig posisjon for \u00e5 matche klokkeslettene p\u00e5 kortene! &#8211; L\u00e6rer klokka p\u00e5 b\u00e5de en analog og en digital klokke. &#8211; Inkluderer en klokken med visere som kan flyttes!<\/p>\n","protected":false},"excerpt":{"rendered":"<p>L\u00e6r klokka! Finn de riktige bildene for brettet ditt og drei klokkeviserne til riktig posisjon for \u00e5 matche klokkeslettene p\u00e5 kortene!<\/p>\n","protected":false},"featured_media":0,"template":"","meta":{"content-type":"","_monsterinsights_skip_tracking":false,"_monsterinsights_sitenote_active":false,"_monsterinsights_sitenote_note":"","_monsterinsights_sitenote_category":0},"product_brand":[],"product_cat":[1663],"product_tag":[],"brand":[{"id":861,"name":"Let's Learn","slug":"letslearn-no"}],"target-group":[],"discontinued":[],"class_list":{"0":"post-772025","1":"product","2":"type-product","3":"status-publish","5":"product_cat-laerespill","6":"brand-letslearn-no","8":"first","9":"instock","10":"taxable","11":"shipping-taxable","12":"product-type-simple"},"aioseo_notices":[],"_links":{"self":[{"href":"https:\/\/games.tactic.net\/no\/wp-json\/wp\/v2\/product\/772025","targetHints":{"allow":["GET"]}}],"collection":[{"href":"https:\/\/games.tactic.net\/no\/wp-json\/wp\/v2\/product"}],"about":[{"href":"https:\/\/games.tactic.net\/no\/wp-json\/wp\/v2\/types\/product"}],"wp:attachment":[{"href":"https:\/\/games.tactic.net\/no\/wp-json\/wp\/v2\/media?parent=772025"}],"wp:term":[{"taxonomy":"product_brand","embeddable":true,"href":"https:\/\/games.tactic.net\/no\/wp-json\/wp\/v2\/product_brand?post=772025"},{"taxonomy":"product_cat","embeddable":true,"href":"https:\/\/games.tactic.net\/no\/wp-json\/wp\/v2\/product_cat?post=772025"},{"taxonomy":"product_tag","embeddable":true,"href":"https:\/\/games.tactic.net\/no\/wp-json\/wp\/v2\/product_tag?post=772025"},{"taxonomy":"brand","embeddable":true,"href":"https:\/\/games.tactic.net\/no\/wp-json\/wp\/v2\/brand?post=772025"},{"taxonomy":"target-group","embeddable":true,"href":"https:\/\/games.tactic.net\/no\/wp-json\/wp\/v2\/target-group?post=772025"},{"taxonomy":"discontinued","embeddable":true,"href":"https:\/\/games.tactic.net\/no\/wp-json\/wp\/v2\/discontinued?post=772025"}],"curies":[{"name":"wp","href":"https:\/\/api.w.org\/{rel}","templated":true}]}}