{"id":771891,"date":"2023-07-27T15:12:42","date_gmt":"2023-07-27T12:12:42","guid":{"rendered":"https:\/\/games.tactic.net\/tuote\/laerespill-jeg-kan-se\/"},"modified":"2024-01-11T12:50:02","modified_gmt":"2024-01-11T10:50:02","slug":"laerespill-jeg-kan-se","status":"publish","type":"product","link":"https:\/\/games.tactic.net\/no\/tuote\/laerespill-jeg-kan-se\/","title":{"rendered":"L\u00e6respill Jeg kan se"},"content":{"rendered":"<p>Et spill som endres med spillerne! En voksen snur et kort og stiller et sp\u00f8rsm\u00e5l om bildet \u2013 og det kan v\u00e6re hva som helst! Tilpasning av sp\u00f8rsm\u00e5let til barnets evner, stemningen og interessante temaer gj\u00f8r hver spillopplevelse helt unik. &#8211; Inkluderer 3D-hus og en hundefigur i tre som gir spillopplevelsen liv! &#8211; Gj\u00f8r det mulig for foreldre \u00e5 skape den perfekte utfordringen for barna.<\/p>\n","protected":false},"excerpt":{"rendered":"<p>Et spill som endres med spillerne! En voksen snur et kort og stiller et sp\u00f8rsm\u00e5l om bildet \u2013 og det kan v\u00e6re hva som helst! Tilpasning av sp\u00f8rsm\u00e5let til barnets evner, stemningen og interessante temaer gj\u00f8r hver spillopplevelse helt unik.<\/p>\n","protected":false},"featured_media":0,"template":"","meta":{"content-type":"","_monsterinsights_skip_tracking":false,"_monsterinsights_sitenote_active":false,"_monsterinsights_sitenote_note":"","_monsterinsights_sitenote_category":0},"product_brand":[],"product_cat":[1663],"product_tag":[],"brand":[{"id":861,"name":"Let's Learn","slug":"letslearn-no"}],"target-group":[],"discontinued":[],"class_list":{"0":"post-771891","1":"product","2":"type-product","3":"status-publish","5":"product_cat-laerespill","6":"brand-letslearn-no","8":"first","9":"instock","10":"taxable","11":"shipping-taxable","12":"product-type-simple"},"aioseo_notices":[],"_links":{"self":[{"href":"https:\/\/games.tactic.net\/no\/wp-json\/wp\/v2\/product\/771891","targetHints":{"allow":["GET"]}}],"collection":[{"href":"https:\/\/games.tactic.net\/no\/wp-json\/wp\/v2\/product"}],"about":[{"href":"https:\/\/games.tactic.net\/no\/wp-json\/wp\/v2\/types\/product"}],"wp:attachment":[{"href":"https:\/\/games.tactic.net\/no\/wp-json\/wp\/v2\/media?parent=771891"}],"wp:term":[{"taxonomy":"product_brand","embeddable":true,"href":"https:\/\/games.tactic.net\/no\/wp-json\/wp\/v2\/product_brand?post=771891"},{"taxonomy":"product_cat","embeddable":true,"href":"https:\/\/games.tactic.net\/no\/wp-json\/wp\/v2\/product_cat?post=771891"},{"taxonomy":"product_tag","embeddable":true,"href":"https:\/\/games.tactic.net\/no\/wp-json\/wp\/v2\/product_tag?post=771891"},{"taxonomy":"brand","embeddable":true,"href":"https:\/\/games.tactic.net\/no\/wp-json\/wp\/v2\/brand?post=771891"},{"taxonomy":"target-group","embeddable":true,"href":"https:\/\/games.tactic.net\/no\/wp-json\/wp\/v2\/target-group?post=771891"},{"taxonomy":"discontinued","embeddable":true,"href":"https:\/\/games.tactic.net\/no\/wp-json\/wp\/v2\/discontinued?post=771891"}],"curies":[{"name":"wp","href":"https:\/\/api.w.org\/{rel}","templated":true}]}}