{"id":761510,"date":"2023-07-19T12:58:54","date_gmt":"2023-07-19T09:58:54","guid":{"rendered":"https:\/\/games.tactic.net\/tuote\/irrigation-trailer\/"},"modified":"2023-10-20T15:54:20","modified_gmt":"2023-10-20T12:54:20","slug":"irrigation-trailer","status":"publish","type":"product","link":"https:\/\/games.tactic.net\/no\/tuote\/irrigation-trailer\/","title":{"rendered":"Vanningshenger"},"content":{"rendered":"<p>Sportsplasser, barnehager, frukthager og andre store omr\u00e5der hvor det er behov for konstant og jevn vannforsyning, drar stor nytte av vanningshengere. Denne avgj\u00f8rende maskinen for blomstrende landbruk er n\u00e5 tilgjengelig i BRUDERs brede utvalg. Unge b\u00f8nder kan bruke sveiven til \u00e5 rulle ut en 1,8 meter lang slange, som en n\u00f8yaktig detaljert sprinklervogn er festet til. Tro mot BRUDER-mottoet, &laquo;Akkurat som den ekte varen&raquo;, har den en tank med en fungerende pumpe. Pumpesystemet gj\u00f8r at vann kan distribueres enkelt og realistisk. Denne imponerende vanningshengeren kan trekkes av alle BRUDER-traktorer fra verden med landbrukstema.<\/p>\n","protected":false},"excerpt":{"rendered":"<p>Bruder<\/p>\n","protected":false},"featured_media":0,"template":"","meta":{"content-type":"","_monsterinsights_skip_tracking":false,"_monsterinsights_sitenote_active":false,"_monsterinsights_sitenote_note":"","_monsterinsights_sitenote_category":0},"product_brand":[],"product_cat":[1705],"product_tag":[],"brand":[],"target-group":[],"discontinued":[],"class_list":{"0":"post-761510","1":"product","2":"type-product","3":"status-publish","5":"product_cat-bruder-leker","7":"first","8":"instock","9":"taxable","10":"shipping-taxable","11":"product-type-simple"},"aioseo_notices":[],"_links":{"self":[{"href":"https:\/\/games.tactic.net\/no\/wp-json\/wp\/v2\/product\/761510","targetHints":{"allow":["GET"]}}],"collection":[{"href":"https:\/\/games.tactic.net\/no\/wp-json\/wp\/v2\/product"}],"about":[{"href":"https:\/\/games.tactic.net\/no\/wp-json\/wp\/v2\/types\/product"}],"wp:attachment":[{"href":"https:\/\/games.tactic.net\/no\/wp-json\/wp\/v2\/media?parent=761510"}],"wp:term":[{"taxonomy":"product_brand","embeddable":true,"href":"https:\/\/games.tactic.net\/no\/wp-json\/wp\/v2\/product_brand?post=761510"},{"taxonomy":"product_cat","embeddable":true,"href":"https:\/\/games.tactic.net\/no\/wp-json\/wp\/v2\/product_cat?post=761510"},{"taxonomy":"product_tag","embeddable":true,"href":"https:\/\/games.tactic.net\/no\/wp-json\/wp\/v2\/product_tag?post=761510"},{"taxonomy":"brand","embeddable":true,"href":"https:\/\/games.tactic.net\/no\/wp-json\/wp\/v2\/brand?post=761510"},{"taxonomy":"target-group","embeddable":true,"href":"https:\/\/games.tactic.net\/no\/wp-json\/wp\/v2\/target-group?post=761510"},{"taxonomy":"discontinued","embeddable":true,"href":"https:\/\/games.tactic.net\/no\/wp-json\/wp\/v2\/discontinued?post=761510"}],"curies":[{"name":"wp","href":"https:\/\/api.w.org\/{rel}","templated":true}]}}