{"id":761378,"date":"2023-07-19T12:52:37","date_gmt":"2023-07-19T09:52:37","guid":{"rendered":"https:\/\/games.tactic.net\/tuote\/man-tgs-tipper-truck\/"},"modified":"2023-10-20T16:42:24","modified_gmt":"2023-10-20T13:42:24","slug":"man-tgs-tipper-truck","status":"publish","type":"product","link":"https:\/\/games.tactic.net\/no\/tuote\/man-tgs-tipper-truck\/","title":{"rendered":"Bruder MAN TGS Tippbil lekesett"},"content":{"rendered":"<p>MAN TGS er den perfekte allrounderen for byggeplasser, langtransport og lokal distribusjon. Med slitesterkt design, kraftige motorer og h\u00f8y nyttelast er den full av innovasjoner. Den tofargede f\u00f8rerhytten har d\u00f8rer som kan \u00e5pnes for en moderne arbeidsplass til bworld-figurer. Det store tipplanet har baklem som \u00e5pnes automatisk ved tipping. MAN tippbil har fire aksler og robuste m\u00f8nsterdekk for tung bruk. Den passer s\u00e6rlig godt sammen med BRUDERs anleggsmaskiner som Cat\u00ae mobilgraver (02445) og JCB 5CX traktorgraver (02454).<\/p>\n","protected":false},"excerpt":{"rendered":"<p>MAN TGS \u2013 et allsidig kj\u00f8ret\u00f8y for bygg, langtransport og distribusjon. Robust design, kraftige motorer og h\u00f8y lasteevne gir mange lekemuligheter.<\/p>\n","protected":false},"featured_media":0,"template":"","meta":{"content-type":"","_monsterinsights_skip_tracking":false,"_monsterinsights_sitenote_active":false,"_monsterinsights_sitenote_note":"","_monsterinsights_sitenote_category":0},"product_brand":[],"product_cat":[1705],"product_tag":[],"brand":[],"target-group":[],"discontinued":[],"class_list":{"0":"post-761378","1":"product","2":"type-product","3":"status-publish","5":"product_cat-bruder-leker","7":"first","8":"instock","9":"taxable","10":"shipping-taxable","11":"product-type-simple"},"aioseo_notices":[],"_links":{"self":[{"href":"https:\/\/games.tactic.net\/no\/wp-json\/wp\/v2\/product\/761378","targetHints":{"allow":["GET"]}}],"collection":[{"href":"https:\/\/games.tactic.net\/no\/wp-json\/wp\/v2\/product"}],"about":[{"href":"https:\/\/games.tactic.net\/no\/wp-json\/wp\/v2\/types\/product"}],"wp:attachment":[{"href":"https:\/\/games.tactic.net\/no\/wp-json\/wp\/v2\/media?parent=761378"}],"wp:term":[{"taxonomy":"product_brand","embeddable":true,"href":"https:\/\/games.tactic.net\/no\/wp-json\/wp\/v2\/product_brand?post=761378"},{"taxonomy":"product_cat","embeddable":true,"href":"https:\/\/games.tactic.net\/no\/wp-json\/wp\/v2\/product_cat?post=761378"},{"taxonomy":"product_tag","embeddable":true,"href":"https:\/\/games.tactic.net\/no\/wp-json\/wp\/v2\/product_tag?post=761378"},{"taxonomy":"brand","embeddable":true,"href":"https:\/\/games.tactic.net\/no\/wp-json\/wp\/v2\/brand?post=761378"},{"taxonomy":"target-group","embeddable":true,"href":"https:\/\/games.tactic.net\/no\/wp-json\/wp\/v2\/target-group?post=761378"},{"taxonomy":"discontinued","embeddable":true,"href":"https:\/\/games.tactic.net\/no\/wp-json\/wp\/v2\/discontinued?post=761378"}],"curies":[{"name":"wp","href":"https:\/\/api.w.org\/{rel}","templated":true}]}}