{"id":761370,"date":"2023-07-19T12:48:39","date_gmt":"2023-07-19T09:48:39","guid":{"rendered":"https:\/\/games.tactic.net\/tuote\/man-tga-cement-mixer-truck-rapid-mix\/"},"modified":"2023-10-20T16:29:57","modified_gmt":"2023-10-20T13:29:57","slug":"man-tga-cement-mixer-truck-rapid-mix","status":"publish","type":"product","link":"https:\/\/games.tactic.net\/no\/tuote\/man-tga-cement-mixer-truck-rapid-mix\/","title":{"rendered":"Bruder MAN TGA Betongbil lekesett"},"content":{"rendered":"<p>Den nye betongblanderen er basert p\u00e5 den velkjente MAN TGA. Hytta kan vippes for \u00e5 se motoren. Trommelen dreies med sveiv og har spiral som blander og t\u00f8mmer massen bakover. To renner medf\u00f8lger. En bworld-figur kan klatre opp stigen for \u00e5 styre blanderen. Kan kombineres med mange BRUDER-anleggskj\u00f8ret\u00f8y.<\/p>\n","protected":false},"excerpt":{"rendered":"<p>Ny MAN TGA betongbil fra BRUDER! F\u00f8rerhuset kan vippes for innsyn i motoren. Med mange justerbare funksjoner og detaljer blir leken ekstra morsom.<\/p>\n","protected":false},"featured_media":0,"template":"","meta":{"content-type":"","_monsterinsights_skip_tracking":false,"_monsterinsights_sitenote_active":false,"_monsterinsights_sitenote_note":"","_monsterinsights_sitenote_category":0},"product_brand":[],"product_cat":[1705],"product_tag":[],"brand":[],"target-group":[],"discontinued":[],"class_list":{"0":"post-761370","1":"product","2":"type-product","3":"status-publish","5":"product_cat-bruder-leker","7":"first","8":"instock","9":"taxable","10":"shipping-taxable","11":"product-type-simple"},"aioseo_notices":[],"_links":{"self":[{"href":"https:\/\/games.tactic.net\/no\/wp-json\/wp\/v2\/product\/761370","targetHints":{"allow":["GET"]}}],"collection":[{"href":"https:\/\/games.tactic.net\/no\/wp-json\/wp\/v2\/product"}],"about":[{"href":"https:\/\/games.tactic.net\/no\/wp-json\/wp\/v2\/types\/product"}],"wp:attachment":[{"href":"https:\/\/games.tactic.net\/no\/wp-json\/wp\/v2\/media?parent=761370"}],"wp:term":[{"taxonomy":"product_brand","embeddable":true,"href":"https:\/\/games.tactic.net\/no\/wp-json\/wp\/v2\/product_brand?post=761370"},{"taxonomy":"product_cat","embeddable":true,"href":"https:\/\/games.tactic.net\/no\/wp-json\/wp\/v2\/product_cat?post=761370"},{"taxonomy":"product_tag","embeddable":true,"href":"https:\/\/games.tactic.net\/no\/wp-json\/wp\/v2\/product_tag?post=761370"},{"taxonomy":"brand","embeddable":true,"href":"https:\/\/games.tactic.net\/no\/wp-json\/wp\/v2\/brand?post=761370"},{"taxonomy":"target-group","embeddable":true,"href":"https:\/\/games.tactic.net\/no\/wp-json\/wp\/v2\/target-group?post=761370"},{"taxonomy":"discontinued","embeddable":true,"href":"https:\/\/games.tactic.net\/no\/wp-json\/wp\/v2\/discontinued?post=761370"}],"curies":[{"name":"wp","href":"https:\/\/api.w.org\/{rel}","templated":true}]}}