{"id":754060,"date":"2023-07-07T15:28:34","date_gmt":"2023-07-07T12:28:34","guid":{"rendered":"https:\/\/games.tactic.net\/tuote\/bruder-excavator-new\/"},"modified":"2024-01-12T09:28:56","modified_gmt":"2024-01-12T07:28:56","slug":"bruder-excavator-new","status":"publish","type":"product","link":"https:\/\/games.tactic.net\/no\/tuote\/bruder-excavator-new\/","title":{"rendered":"ROADMAX Gravemaskin"},"content":{"rendered":"<p>Dette kj\u00f8ret\u00f8yet med smart BRUDER-design imponerer med flotte funksjoner og enkel h\u00e5ndtering. Det sentrale h\u00e5ndtaket kan l\u00f8fte og senke hele gravemaskinarmen og flytte skuffen. Denne gravemaskinen gir ogs\u00e5 mye moro i sandkassen. Gravemaskinkroppen kan roteres 360\u00b0 og den store skj\u00e6ret er h\u00f8ydejusterbar.<\/p>\n","protected":false},"excerpt":{"rendered":"<p>Bruder<\/p>\n","protected":false},"featured_media":0,"template":"","meta":{"content-type":"","_monsterinsights_skip_tracking":false,"_monsterinsights_sitenote_active":false,"_monsterinsights_sitenote_note":"","_monsterinsights_sitenote_category":0},"product_brand":[],"product_cat":[1705],"product_tag":[],"brand":[],"target-group":[],"discontinued":[],"class_list":{"0":"post-754060","1":"product","2":"type-product","3":"status-publish","5":"product_cat-bruder-leker","7":"first","8":"instock","9":"taxable","10":"shipping-taxable","11":"product-type-simple"},"aioseo_notices":[],"_links":{"self":[{"href":"https:\/\/games.tactic.net\/no\/wp-json\/wp\/v2\/product\/754060","targetHints":{"allow":["GET"]}}],"collection":[{"href":"https:\/\/games.tactic.net\/no\/wp-json\/wp\/v2\/product"}],"about":[{"href":"https:\/\/games.tactic.net\/no\/wp-json\/wp\/v2\/types\/product"}],"wp:attachment":[{"href":"https:\/\/games.tactic.net\/no\/wp-json\/wp\/v2\/media?parent=754060"}],"wp:term":[{"taxonomy":"product_brand","embeddable":true,"href":"https:\/\/games.tactic.net\/no\/wp-json\/wp\/v2\/product_brand?post=754060"},{"taxonomy":"product_cat","embeddable":true,"href":"https:\/\/games.tactic.net\/no\/wp-json\/wp\/v2\/product_cat?post=754060"},{"taxonomy":"product_tag","embeddable":true,"href":"https:\/\/games.tactic.net\/no\/wp-json\/wp\/v2\/product_tag?post=754060"},{"taxonomy":"brand","embeddable":true,"href":"https:\/\/games.tactic.net\/no\/wp-json\/wp\/v2\/brand?post=754060"},{"taxonomy":"target-group","embeddable":true,"href":"https:\/\/games.tactic.net\/no\/wp-json\/wp\/v2\/target-group?post=754060"},{"taxonomy":"discontinued","embeddable":true,"href":"https:\/\/games.tactic.net\/no\/wp-json\/wp\/v2\/discontinued?post=754060"}],"curies":[{"name":"wp","href":"https:\/\/api.w.org\/{rel}","templated":true}]}}