{"id":74902,"date":"2021-03-10T09:35:36","date_gmt":"2021-03-10T07:35:36","guid":{"rendered":"https:\/\/dev.tactic.net\/tuote\/puslespill-4x6-on-the-farm\/"},"modified":"2023-10-26T08:57:50","modified_gmt":"2023-10-26T05:57:50","slug":"puslespill-4x6-on-the-farm","status":"publish","type":"product","link":"https:\/\/games.tactic.net\/no\/tuote\/puslespill-4x6-on-the-farm\/","title":{"rendered":"My First Puzzle 4&#215;6 pcs On the Farm"},"content":{"rendered":"<p>Fire lyse og fargerike g\u00e5ter i en eske. La oss g\u00e5 til g\u00e5rden!<\/p>\n","protected":false},"excerpt":{"rendered":"<p><\/p>\n","protected":false},"featured_media":0,"template":"","meta":{"content-type":"","_monsterinsights_skip_tracking":false,"_monsterinsights_sitenote_active":false,"_monsterinsights_sitenote_note":"","_monsterinsights_sitenote_category":0},"product_brand":[],"product_cat":[1652,1653],"product_tag":[1233],"brand":[],"target-group":[],"discontinued":[],"class_list":{"0":"post-74902","1":"product","2":"type-product","3":"status-publish","5":"product_cat-barnepuslespill","6":"product_cat-barnepuslespill-puslespill","7":"product_tag-kombinere-no","9":"first","10":"instock","11":"taxable","12":"shipping-taxable","13":"product-type-simple"},"aioseo_notices":[],"_links":{"self":[{"href":"https:\/\/games.tactic.net\/no\/wp-json\/wp\/v2\/product\/74902","targetHints":{"allow":["GET"]}}],"collection":[{"href":"https:\/\/games.tactic.net\/no\/wp-json\/wp\/v2\/product"}],"about":[{"href":"https:\/\/games.tactic.net\/no\/wp-json\/wp\/v2\/types\/product"}],"wp:attachment":[{"href":"https:\/\/games.tactic.net\/no\/wp-json\/wp\/v2\/media?parent=74902"}],"wp:term":[{"taxonomy":"product_brand","embeddable":true,"href":"https:\/\/games.tactic.net\/no\/wp-json\/wp\/v2\/product_brand?post=74902"},{"taxonomy":"product_cat","embeddable":true,"href":"https:\/\/games.tactic.net\/no\/wp-json\/wp\/v2\/product_cat?post=74902"},{"taxonomy":"product_tag","embeddable":true,"href":"https:\/\/games.tactic.net\/no\/wp-json\/wp\/v2\/product_tag?post=74902"},{"taxonomy":"brand","embeddable":true,"href":"https:\/\/games.tactic.net\/no\/wp-json\/wp\/v2\/brand?post=74902"},{"taxonomy":"target-group","embeddable":true,"href":"https:\/\/games.tactic.net\/no\/wp-json\/wp\/v2\/target-group?post=74902"},{"taxonomy":"discontinued","embeddable":true,"href":"https:\/\/games.tactic.net\/no\/wp-json\/wp\/v2\/discontinued?post=74902"}],"curies":[{"name":"wp","href":"https:\/\/api.w.org\/{rel}","templated":true}]}}