{"id":74671,"date":"2021-03-09T14:02:01","date_gmt":"2021-03-09T12:02:01","guid":{"rendered":"https:\/\/dev.tactic.net\/tuote\/lumo-stars-gulvpuslespill\/"},"modified":"2024-04-09T15:11:01","modified_gmt":"2024-04-09T12:11:01","slug":"lumo-stars-gulvpuslespill","status":"archive","type":"product","link":"https:\/\/games.tactic.net\/no\/tuote\/lumo-stars-gulvpuslespill\/","title":{"rendered":"Lumo Stars Gulvpuslespill"},"content":{"rendered":"<p>Dette nydelige Lumo Stars-gulvpuslespillet inneholder holdbare brikker av h\u00f8y kvalitet! De vakre bildene er enkle og morsomme \u00e5 sette sammen. De store brikkene er lette \u00e5 leke med for selv sm\u00e5 barn!<\/p>\n","protected":false},"excerpt":{"rendered":"<p>Dette nydelige Lumo Stars-gulvpuslespillet inneholder holdbare brikker av h\u00f8y kvalitet! De vakre bildene er enkle og morsomme \u00e5 sette sammen. De store brikkene er lette \u00e5 leke med for selv sm\u00e5 barn!<\/p>\n","protected":false},"featured_media":0,"template":"","meta":{"content-type":"","_monsterinsights_skip_tracking":false,"_monsterinsights_sitenote_active":false,"_monsterinsights_sitenote_note":"","_monsterinsights_sitenote_category":0},"product_brand":[],"product_cat":[1650,1653,1652],"product_tag":[],"brand":[{"id":1019,"name":"Lumo Stars","slug":"lumo-stars_no"}],"target-group":[],"discontinued":[],"class_list":{"0":"post-74671","1":"product","2":"type-product","3":"status-archive","5":"product_cat-andre-produkter","6":"product_cat-barnepuslespill-puslespill","7":"product_cat-barnepuslespill","8":"brand-lumo-stars_no","10":"first","11":"outofstock","12":"taxable","13":"shipping-taxable","14":"product-type-simple"},"aioseo_notices":[],"_links":{"self":[{"href":"https:\/\/games.tactic.net\/no\/wp-json\/wp\/v2\/product\/74671","targetHints":{"allow":["GET"]}}],"collection":[{"href":"https:\/\/games.tactic.net\/no\/wp-json\/wp\/v2\/product"}],"about":[{"href":"https:\/\/games.tactic.net\/no\/wp-json\/wp\/v2\/types\/product"}],"wp:attachment":[{"href":"https:\/\/games.tactic.net\/no\/wp-json\/wp\/v2\/media?parent=74671"}],"wp:term":[{"taxonomy":"product_brand","embeddable":true,"href":"https:\/\/games.tactic.net\/no\/wp-json\/wp\/v2\/product_brand?post=74671"},{"taxonomy":"product_cat","embeddable":true,"href":"https:\/\/games.tactic.net\/no\/wp-json\/wp\/v2\/product_cat?post=74671"},{"taxonomy":"product_tag","embeddable":true,"href":"https:\/\/games.tactic.net\/no\/wp-json\/wp\/v2\/product_tag?post=74671"},{"taxonomy":"brand","embeddable":true,"href":"https:\/\/games.tactic.net\/no\/wp-json\/wp\/v2\/brand?post=74671"},{"taxonomy":"target-group","embeddable":true,"href":"https:\/\/games.tactic.net\/no\/wp-json\/wp\/v2\/target-group?post=74671"},{"taxonomy":"discontinued","embeddable":true,"href":"https:\/\/games.tactic.net\/no\/wp-json\/wp\/v2\/discontinued?post=74671"}],"curies":[{"name":"wp","href":"https:\/\/api.w.org\/{rel}","templated":true}]}}