{"id":727346,"date":"2023-05-08T12:29:04","date_gmt":"2023-05-08T09:29:04","guid":{"rendered":"https:\/\/games.tactic.net\/tuote\/ses-eco-modelleire-mega-sett\/"},"modified":"2023-05-08T12:32:55","modified_gmt":"2023-05-08T09:32:55","slug":"ses-eco-modelleire-mega-sett","status":"publish","type":"product","link":"https:\/\/games.tactic.net\/no\/tuote\/ses-eco-modelleire-mega-sett\/","title":{"rendered":"Eco modelleire mega sett"},"content":{"rendered":"<p>Introduser barna for den milj\u00f8vennlige m\u00e5ten \u00e5 leke p\u00e5.SES bruker resirkulert plast fra egne avfallstr\u00f8mmer, og har minimert bruken av plast I emballasjen I sine ECO-produkter.<\/p>\n","protected":false},"excerpt":{"rendered":"<p>Introduser barna for den milj\u00f8vennlige m\u00e5ten \u00e5 leke p\u00e5.SES bruker resirkulert plast fra egne avfallstr\u00f8mmer, og har minimert bruken av plast I emballasjen I sine ECO-produkter.<\/p>\n","protected":false},"featured_media":0,"template":"","meta":{"content-type":"","_monsterinsights_skip_tracking":false,"_monsterinsights_sitenote_active":false,"_monsterinsights_sitenote_note":"","_monsterinsights_sitenote_category":0},"product_brand":[],"product_cat":[2131],"product_tag":[],"brand":[],"target-group":[],"discontinued":[],"class_list":{"0":"post-727346","1":"product","2":"type-product","3":"status-publish","5":"product_cat-ses","7":"first","8":"instock","9":"taxable","10":"shipping-taxable","11":"product-type-simple"},"aioseo_notices":[],"_links":{"self":[{"href":"https:\/\/games.tactic.net\/no\/wp-json\/wp\/v2\/product\/727346","targetHints":{"allow":["GET"]}}],"collection":[{"href":"https:\/\/games.tactic.net\/no\/wp-json\/wp\/v2\/product"}],"about":[{"href":"https:\/\/games.tactic.net\/no\/wp-json\/wp\/v2\/types\/product"}],"wp:attachment":[{"href":"https:\/\/games.tactic.net\/no\/wp-json\/wp\/v2\/media?parent=727346"}],"wp:term":[{"taxonomy":"product_brand","embeddable":true,"href":"https:\/\/games.tactic.net\/no\/wp-json\/wp\/v2\/product_brand?post=727346"},{"taxonomy":"product_cat","embeddable":true,"href":"https:\/\/games.tactic.net\/no\/wp-json\/wp\/v2\/product_cat?post=727346"},{"taxonomy":"product_tag","embeddable":true,"href":"https:\/\/games.tactic.net\/no\/wp-json\/wp\/v2\/product_tag?post=727346"},{"taxonomy":"brand","embeddable":true,"href":"https:\/\/games.tactic.net\/no\/wp-json\/wp\/v2\/brand?post=727346"},{"taxonomy":"target-group","embeddable":true,"href":"https:\/\/games.tactic.net\/no\/wp-json\/wp\/v2\/target-group?post=727346"},{"taxonomy":"discontinued","embeddable":true,"href":"https:\/\/games.tactic.net\/no\/wp-json\/wp\/v2\/discontinued?post=727346"}],"curies":[{"name":"wp","href":"https:\/\/api.w.org\/{rel}","templated":true}]}}