{"id":726648,"date":"2023-05-08T10:43:01","date_gmt":"2023-05-08T07:43:01","guid":{"rendered":"https:\/\/games.tactic.net\/tuote\/ses-magnetisk-tegnetavle\/"},"modified":"2023-05-08T10:47:24","modified_gmt":"2023-05-08T07:47:24","slug":"ses-magnetisk-tegnetavle","status":"archive","type":"product","link":"https:\/\/games.tactic.net\/no\/tuote\/ses-magnetisk-tegnetavle\/","title":{"rendered":"Magnetisk tegnetavle"},"content":{"rendered":"<p>Med denne magiske tegnetavlen kan du lage fine tegninger. Tegn med magnetstiften og lag fine bilder med stemplene. N\u00e5r du er ferdig og vil begynne p\u00e5 nytt, viskes tegningen enkelt ut og du er i gang igjen! Med h\u00e5ndtak slik at den er enkel \u00e5 ta med seg.<\/p>\n","protected":false},"excerpt":{"rendered":"<p>Med denne magiske tegnetavlen kan du lage fine tegninger. Tegn med magnetstiften og lag fine bilder med stemplene. N\u00e5r du er ferdig og vil begynne p\u00e5 nytt, viskes tegningen enkelt ut og du er i gang igjen! Med h\u00e5ndtak slik at den er enkel \u00e5 ta med seg.<\/p>\n","protected":false},"featured_media":0,"template":"","meta":{"content-type":"","_monsterinsights_skip_tracking":false,"_monsterinsights_sitenote_active":false,"_monsterinsights_sitenote_note":"","_monsterinsights_sitenote_category":0},"product_brand":[],"product_cat":[2131],"product_tag":[],"brand":[],"target-group":[],"discontinued":[],"class_list":{"0":"post-726648","1":"product","2":"type-product","3":"status-archive","5":"product_cat-ses","7":"first","8":"outofstock","9":"taxable","10":"shipping-taxable","11":"product-type-simple"},"aioseo_notices":[],"_links":{"self":[{"href":"https:\/\/games.tactic.net\/no\/wp-json\/wp\/v2\/product\/726648","targetHints":{"allow":["GET"]}}],"collection":[{"href":"https:\/\/games.tactic.net\/no\/wp-json\/wp\/v2\/product"}],"about":[{"href":"https:\/\/games.tactic.net\/no\/wp-json\/wp\/v2\/types\/product"}],"wp:attachment":[{"href":"https:\/\/games.tactic.net\/no\/wp-json\/wp\/v2\/media?parent=726648"}],"wp:term":[{"taxonomy":"product_brand","embeddable":true,"href":"https:\/\/games.tactic.net\/no\/wp-json\/wp\/v2\/product_brand?post=726648"},{"taxonomy":"product_cat","embeddable":true,"href":"https:\/\/games.tactic.net\/no\/wp-json\/wp\/v2\/product_cat?post=726648"},{"taxonomy":"product_tag","embeddable":true,"href":"https:\/\/games.tactic.net\/no\/wp-json\/wp\/v2\/product_tag?post=726648"},{"taxonomy":"brand","embeddable":true,"href":"https:\/\/games.tactic.net\/no\/wp-json\/wp\/v2\/brand?post=726648"},{"taxonomy":"target-group","embeddable":true,"href":"https:\/\/games.tactic.net\/no\/wp-json\/wp\/v2\/target-group?post=726648"},{"taxonomy":"discontinued","embeddable":true,"href":"https:\/\/games.tactic.net\/no\/wp-json\/wp\/v2\/discontinued?post=726648"}],"curies":[{"name":"wp","href":"https:\/\/api.w.org\/{rel}","templated":true}]}}