{"id":726039,"date":"2023-05-05T12:13:31","date_gmt":"2023-05-05T09:13:31","guid":{"rendered":"https:\/\/games.tactic.net\/tuote\/ses-my-first-mal-med-vann-gardsdyr\/"},"modified":"2023-05-05T12:18:56","modified_gmt":"2023-05-05T09:18:56","slug":"ses-my-first-mal-med-vann-gardsdyr","status":"publish","type":"product","link":"https:\/\/games.tactic.net\/no\/tuote\/ses-my-first-mal-med-vann-gardsdyr\/","title":{"rendered":"My first mal med vann &#8211; g\u00e5rdsdyr"},"content":{"rendered":"<p>Mal over motivet med v\u00e5t pensel, og fine farger og m\u00f8nster dukker opp. Arkene kan brukes flere ganger.<\/p>\n","protected":false},"excerpt":{"rendered":"<p>Mal over motivet med v\u00e5t pensel, og fine farger og m\u00f8nster dukker opp. Arkene kan brukes flere ganger.<\/p>\n","protected":false},"featured_media":0,"template":"","meta":{"content-type":"","_monsterinsights_skip_tracking":false,"_monsterinsights_sitenote_active":false,"_monsterinsights_sitenote_note":"","_monsterinsights_sitenote_category":0},"product_brand":[],"product_cat":[2131],"product_tag":[],"brand":[],"target-group":[],"discontinued":[],"class_list":{"0":"post-726039","1":"product","2":"type-product","3":"status-publish","5":"product_cat-ses","7":"first","8":"outofstock","9":"taxable","10":"shipping-taxable","11":"product-type-simple"},"aioseo_notices":[],"_links":{"self":[{"href":"https:\/\/games.tactic.net\/no\/wp-json\/wp\/v2\/product\/726039","targetHints":{"allow":["GET"]}}],"collection":[{"href":"https:\/\/games.tactic.net\/no\/wp-json\/wp\/v2\/product"}],"about":[{"href":"https:\/\/games.tactic.net\/no\/wp-json\/wp\/v2\/types\/product"}],"wp:attachment":[{"href":"https:\/\/games.tactic.net\/no\/wp-json\/wp\/v2\/media?parent=726039"}],"wp:term":[{"taxonomy":"product_brand","embeddable":true,"href":"https:\/\/games.tactic.net\/no\/wp-json\/wp\/v2\/product_brand?post=726039"},{"taxonomy":"product_cat","embeddable":true,"href":"https:\/\/games.tactic.net\/no\/wp-json\/wp\/v2\/product_cat?post=726039"},{"taxonomy":"product_tag","embeddable":true,"href":"https:\/\/games.tactic.net\/no\/wp-json\/wp\/v2\/product_tag?post=726039"},{"taxonomy":"brand","embeddable":true,"href":"https:\/\/games.tactic.net\/no\/wp-json\/wp\/v2\/brand?post=726039"},{"taxonomy":"target-group","embeddable":true,"href":"https:\/\/games.tactic.net\/no\/wp-json\/wp\/v2\/target-group?post=726039"},{"taxonomy":"discontinued","embeddable":true,"href":"https:\/\/games.tactic.net\/no\/wp-json\/wp\/v2\/discontinued?post=726039"}],"curies":[{"name":"wp","href":"https:\/\/api.w.org\/{rel}","templated":true}]}}