{"id":725799,"date":"2023-05-05T11:53:01","date_gmt":"2023-05-05T08:53:01","guid":{"rendered":"https:\/\/games.tactic.net\/tuote\/ses-my-first-fluffy-fingermaling\/"},"modified":"2024-10-04T12:03:41","modified_gmt":"2024-10-04T09:03:41","slug":"ses-my-first-fluffy-fingermaling","status":"archive","type":"product","link":"https:\/\/games.tactic.net\/no\/tuote\/ses-my-first-fluffy-fingermaling\/","title":{"rendered":"My first fluffy fingermaling"},"content":{"rendered":"<p>Denne fingermalingen er ikke som vanlig fingermaling, den er kremaktig, slik at det blir mindre s\u00f8l. Om boksen med maling skulle velte, renner ikke malingen ut heller. N\u00e5r man tar malingen p\u00e5 hendene fungerer den som en vanlig maling.<\/p>\n","protected":false},"excerpt":{"rendered":"<p>Denne fingermalingen er ikke som vanlig fingermaling, den er kremaktig, slik at det blir mindre s\u00f8l. Om boksen med maling skulle velte, renner ikke malingen ut heller. N\u00e5r man tar malingen p\u00e5 hendene fungerer den som en vanlig maling.<\/p>\n","protected":false},"featured_media":0,"template":"","meta":{"content-type":"","_monsterinsights_skip_tracking":false,"_monsterinsights_sitenote_active":false,"_monsterinsights_sitenote_note":"","_monsterinsights_sitenote_category":0},"product_brand":[],"product_cat":[2131],"product_tag":[],"brand":[],"target-group":[],"discontinued":[],"class_list":{"0":"post-725799","1":"product","2":"type-product","3":"status-archive","5":"product_cat-ses","7":"first","8":"outofstock","9":"taxable","10":"shipping-taxable","11":"product-type-simple"},"aioseo_notices":[],"_links":{"self":[{"href":"https:\/\/games.tactic.net\/no\/wp-json\/wp\/v2\/product\/725799","targetHints":{"allow":["GET"]}}],"collection":[{"href":"https:\/\/games.tactic.net\/no\/wp-json\/wp\/v2\/product"}],"about":[{"href":"https:\/\/games.tactic.net\/no\/wp-json\/wp\/v2\/types\/product"}],"wp:attachment":[{"href":"https:\/\/games.tactic.net\/no\/wp-json\/wp\/v2\/media?parent=725799"}],"wp:term":[{"taxonomy":"product_brand","embeddable":true,"href":"https:\/\/games.tactic.net\/no\/wp-json\/wp\/v2\/product_brand?post=725799"},{"taxonomy":"product_cat","embeddable":true,"href":"https:\/\/games.tactic.net\/no\/wp-json\/wp\/v2\/product_cat?post=725799"},{"taxonomy":"product_tag","embeddable":true,"href":"https:\/\/games.tactic.net\/no\/wp-json\/wp\/v2\/product_tag?post=725799"},{"taxonomy":"brand","embeddable":true,"href":"https:\/\/games.tactic.net\/no\/wp-json\/wp\/v2\/brand?post=725799"},{"taxonomy":"target-group","embeddable":true,"href":"https:\/\/games.tactic.net\/no\/wp-json\/wp\/v2\/target-group?post=725799"},{"taxonomy":"discontinued","embeddable":true,"href":"https:\/\/games.tactic.net\/no\/wp-json\/wp\/v2\/discontinued?post=725799"}],"curies":[{"name":"wp","href":"https:\/\/api.w.org\/{rel}","templated":true}]}}