{"id":725431,"date":"2023-05-05T11:12:34","date_gmt":"2023-05-05T08:12:34","guid":{"rendered":"https:\/\/games.tactic.net\/tuote\/ses-my-first-mal-med-vann\/"},"modified":"2023-06-08T12:19:16","modified_gmt":"2023-06-08T09:19:16","slug":"ses-my-first-mal-med-vann","status":"archive","type":"product","link":"https:\/\/games.tactic.net\/no\/tuote\/ses-my-first-mal-med-vann\/","title":{"rendered":"My first mal med vann"},"content":{"rendered":"<p>Ta vann p\u00e5 penselen og mal over motivet. Fine farger og m\u00f8nster dukker opp uten s\u00f8l! Arkene kan brukes flere ganger. Inkl. 4 motivark og 1 pensel. Fra 1 \u00e5r.<\/p>\n","protected":false},"excerpt":{"rendered":"<p>Ta vann p\u00e5 penselen og mal over motivet. Fine farger og m\u00f8nster dukker opp uten s\u00f8l! Arkene kan brukes flere ganger. Inkl. 4 motivark og 1 pensel. Fra 1 \u00e5r.<\/p>\n","protected":false},"featured_media":0,"template":"","meta":{"content-type":"","_monsterinsights_skip_tracking":false,"_monsterinsights_sitenote_active":false,"_monsterinsights_sitenote_note":"","_monsterinsights_sitenote_category":0},"product_brand":[],"product_cat":[2131],"product_tag":[],"brand":[],"target-group":[],"discontinued":[],"class_list":{"0":"post-725431","1":"product","2":"type-product","3":"status-archive","5":"product_cat-ses","7":"first","8":"outofstock","9":"taxable","10":"shipping-taxable","11":"product-type-simple"},"aioseo_notices":[],"_links":{"self":[{"href":"https:\/\/games.tactic.net\/no\/wp-json\/wp\/v2\/product\/725431","targetHints":{"allow":["GET"]}}],"collection":[{"href":"https:\/\/games.tactic.net\/no\/wp-json\/wp\/v2\/product"}],"about":[{"href":"https:\/\/games.tactic.net\/no\/wp-json\/wp\/v2\/types\/product"}],"wp:attachment":[{"href":"https:\/\/games.tactic.net\/no\/wp-json\/wp\/v2\/media?parent=725431"}],"wp:term":[{"taxonomy":"product_brand","embeddable":true,"href":"https:\/\/games.tactic.net\/no\/wp-json\/wp\/v2\/product_brand?post=725431"},{"taxonomy":"product_cat","embeddable":true,"href":"https:\/\/games.tactic.net\/no\/wp-json\/wp\/v2\/product_cat?post=725431"},{"taxonomy":"product_tag","embeddable":true,"href":"https:\/\/games.tactic.net\/no\/wp-json\/wp\/v2\/product_tag?post=725431"},{"taxonomy":"brand","embeddable":true,"href":"https:\/\/games.tactic.net\/no\/wp-json\/wp\/v2\/brand?post=725431"},{"taxonomy":"target-group","embeddable":true,"href":"https:\/\/games.tactic.net\/no\/wp-json\/wp\/v2\/target-group?post=725431"},{"taxonomy":"discontinued","embeddable":true,"href":"https:\/\/games.tactic.net\/no\/wp-json\/wp\/v2\/discontinued?post=725431"}],"curies":[{"name":"wp","href":"https:\/\/api.w.org\/{rel}","templated":true}]}}