{"id":717861,"date":"2023-04-14T08:09:04","date_gmt":"2023-04-14T05:09:04","guid":{"rendered":"https:\/\/games.tactic.net\/tuote\/magic-forest-no\/"},"modified":"2024-09-26T10:49:51","modified_gmt":"2024-09-26T07:49:51","slug":"magic-forest-no","status":"publish","type":"product","link":"https:\/\/games.tactic.net\/no\/tuote\/magic-forest-no\/","title":{"rendered":"Den magiske skogen"},"content":{"rendered":"<p>Den magiske skogen trenger deg! De rampete trollene har rotet i krystallene som beskytter den magiske skogen. Du og de andre spillene m\u00e5 f\u00e5 dem dit de h\u00f8rer hjemme. V\u00e6r forsiktig \u2013 trollene vil pr\u00f8ve \u00e5 hindre deg, s\u00e5 velg ruten din med omhu. Spilleren som redder all sine fire krystaller f\u00f8rst, vinner spillet! &#8211; Det er morsomt \u00e5 ha et eventyr p\u00e5 det store spillbrettet. &#8211; Inkluderer bed\u00e5rende spillkarakterer i tre med t\u00f8ysekker! &#8211; Passende for hele familien.<\/p>\n<p><img decoding=\"async\" src=\"https:\\\\\\\\games.tactic.net\\\\pic\\\\logo\\\\DK_2022_Legebranchen_Aarets_Boernespil.png\"><img decoding=\"async\" src=\"https:\\\\\\\\games.tactic.net\\\\pic\\\\logo\\\\DK_2022_Guldbrikken_Aarets_Boernespil_nomineret.png\"><img decoding=\"async\" src=\"https:\\\\\\\\games.tactic.net\\\\pic\\\\logo\\\\FI_2022_Vuoden_Peli_Lastenpelit_finalisti.png\"><\/p>\n","protected":false},"excerpt":{"rendered":"<p>Den magiske skogen trenger deg! De rampete trollene har rotet i krystallene som beskytter den magiske skogen. Du og de andre spillene m\u00e5 f\u00e5 dem dit de h\u00f8rer hjemme. V\u00e6r forsiktig \u2013 trollene vil pr\u00f8ve \u00e5 hindre deg, s\u00e5 velg ruten din med omhu. Spilleren som redder all sine fire krystaller f\u00f8rst, vinner spillet! &#8211; [&hellip;]<\/p>\n","protected":false},"featured_media":0,"template":"","meta":{"content-type":"","_monsterinsights_skip_tracking":false,"_monsterinsights_sitenote_active":false,"_monsterinsights_sitenote_note":"","_monsterinsights_sitenote_category":0},"product_brand":[],"product_cat":[1649],"product_tag":[],"brand":[],"target-group":[],"discontinued":[],"class_list":{"0":"post-717861","1":"product","2":"type-product","3":"status-publish","5":"product_cat-barnespill-barnespill","7":"first","8":"instock","9":"taxable","10":"shipping-taxable","11":"product-type-simple"},"aioseo_notices":[],"_links":{"self":[{"href":"https:\/\/games.tactic.net\/no\/wp-json\/wp\/v2\/product\/717861","targetHints":{"allow":["GET"]}}],"collection":[{"href":"https:\/\/games.tactic.net\/no\/wp-json\/wp\/v2\/product"}],"about":[{"href":"https:\/\/games.tactic.net\/no\/wp-json\/wp\/v2\/types\/product"}],"wp:attachment":[{"href":"https:\/\/games.tactic.net\/no\/wp-json\/wp\/v2\/media?parent=717861"}],"wp:term":[{"taxonomy":"product_brand","embeddable":true,"href":"https:\/\/games.tactic.net\/no\/wp-json\/wp\/v2\/product_brand?post=717861"},{"taxonomy":"product_cat","embeddable":true,"href":"https:\/\/games.tactic.net\/no\/wp-json\/wp\/v2\/product_cat?post=717861"},{"taxonomy":"product_tag","embeddable":true,"href":"https:\/\/games.tactic.net\/no\/wp-json\/wp\/v2\/product_tag?post=717861"},{"taxonomy":"brand","embeddable":true,"href":"https:\/\/games.tactic.net\/no\/wp-json\/wp\/v2\/brand?post=717861"},{"taxonomy":"target-group","embeddable":true,"href":"https:\/\/games.tactic.net\/no\/wp-json\/wp\/v2\/target-group?post=717861"},{"taxonomy":"discontinued","embeddable":true,"href":"https:\/\/games.tactic.net\/no\/wp-json\/wp\/v2\/discontinued?post=717861"}],"curies":[{"name":"wp","href":"https:\/\/api.w.org\/{rel}","templated":true}]}}